{"id":2010,"date":"2025-01-16T14:12:50","date_gmt":"2025-01-16T13:12:50","guid":{"rendered":"https:\/\/europematch.eu\/?post_type=product&#038;p=2010"},"modified":"2025-02-13T14:49:28","modified_gmt":"2025-02-13T13:49:28","slug":"masgeschneiderte-werbezundholzer-bx12","status":"publish","type":"product","link":"https:\/\/europematch.eu\/pl\/produkt-2\/masgeschneiderte-werbezundholzer-bx12\/","title":{"rendered":"Ma\u00dfgeschneiderte Werbez\u00fcndh\u00f6lzer &#8211; BX12"},"content":{"rendered":"<p>Europe Match f\u00fcr eine gr\u00fcne und nachhaltige Zukunft!<\/p>\n<p>Das Engagement f\u00fcr Nachhaltigkeit und Umwelt wird heute immer wichtiger. Europe Match ist Europas f\u00fchrender Z\u00fcndholzhersteller und leistet Pionierarbeit bei der Entwicklung und Herstellung von Z\u00fcndh\u00f6lzern aus umweltfreundlichen und recycelten Materialien.<\/p>\n<p>Unser Unternehmen ist seit dem 19. Jahrhundert in Europa f\u00fchrend in der Herstellung von Streichh\u00f6lzern und Beleuchtungsger\u00e4ten, und unsere kontinuierlichen Innovationen und technologischen Spitzenleistungen haben uns in den letzten Jahrzehnten zu einem der einflussreichsten Akteure der Branche gemacht in Europa und weltweit. Mit unserer langj\u00e4hrigen Erfahrung und unserem Engagement f\u00fcr Qualit\u00e4t sind wir bestrebt, neue Wege zu beschreiten, sowohl in Bezug auf die Produktion als auch auf Design und Aussehen. Unsere Fertigungsanlagen sind mit modernster Technologie ausgestattet, unsere automatisierten Produktionslinien und unsere strengen Qualit\u00e4tskontrollsysteme gew\u00e4hrleisten, dass jedes einzelne Streichholz und jeder einzelne Feuerstarter den h\u00f6chsten Industriestandards entspricht.<\/p>","protected":false},"excerpt":{"rendered":"<p>M\u00e9ret: 112 x 17 x 17 mm<br \/>\nGyufasz\u00e1lak \u00e1tlagos mennyis\u00e9ge:\u00a012<br \/>\nGyufasz\u00e1l m\u00e9ret::\u00a094 mm<br \/>\nGy\u00fajt\u00e1si fel\u00fclet: egy oldal\u00fa<br \/>\nStandard kik\u00e9pz\u00e9s: uv<br \/>\nFej sz\u00edn: piros, k\u00e9k, z\u00f6ld, fekete, feh\u00e9r, barna<\/p>","protected":false},"featured_media":343,"template":"","meta":{"_acf_changed":false,"site-sidebar-layout":"default","site-content-layout":"","ast-site-content-layout":"default","site-content-style":"default","site-sidebar-style":"default","ast-global-header-display":"","ast-banner-title-visibility":"","ast-main-header-display":"","ast-hfb-above-header-display":"","ast-hfb-below-header-display":"","ast-hfb-mobile-header-display":"","site-post-title":"","ast-breadcrumbs-content":"","ast-featured-img":"","footer-sml-layout":"","theme-transparent-header-meta":"default","adv-header-id-meta":"","stick-header-meta":"","header-above-stick-meta":"","header-main-stick-meta":"","header-below-stick-meta":"","astra-migrate-meta-layouts":"set","ast-page-background-enabled":"default","ast-page-background-meta":{"desktop":{"background-color":"var(--ast-global-color-4)","background-image":"","background-repeat":"repeat","background-position":"center center","background-size":"auto","background-attachment":"scroll","background-type":"","background-media":"","overlay-type":"","overlay-color":"","overlay-opacity":"","overlay-gradient":""},"tablet":{"background-color":"","background-image":"","background-repeat":"repeat","background-position":"center center","background-size":"auto","background-attachment":"scroll","background-type":"","background-media":"","overlay-type":"","overlay-color":"","overlay-opacity":"","overlay-gradient":""},"mobile":{"background-color":"","background-image":"","background-repeat":"repeat","background-position":"center center","background-size":"auto","background-attachment":"scroll","background-type":"","background-media":"","overlay-type":"","overlay-color":"","overlay-opacity":"","overlay-gradient":""}},"ast-content-background-meta":{"desktop":{"background-color":"var(--ast-global-color-5)","background-image":"","background-repeat":"repeat","background-position":"center center","background-size":"auto","background-attachment":"scroll","background-type":"","background-media":"","overlay-type":"","overlay-color":"","overlay-opacity":"","overlay-gradient":""},"tablet":{"background-color":"var(--ast-global-color-5)","background-image":"","background-repeat":"repeat","background-position":"center center","background-size":"auto","background-attachment":"scroll","background-type":"","background-media":"","overlay-type":"","overlay-color":"","overlay-opacity":"","overlay-gradient":""},"mobile":{"background-color":"var(--ast-global-color-5)","background-image":"","background-repeat":"repeat","background-position":"center center","background-size":"auto","background-attachment":"scroll","background-type":"","background-media":"","overlay-type":"","overlay-color":"","overlay-opacity":"","overlay-gradient":""}}},"product_brand":[],"product_cat":[28],"product_tag":[],"class_list":{"0":"post-2010","1":"product","2":"type-product","3":"status-publish","4":"has-post-thumbnail","6":"product_cat-hosszu-gyufa","7":"desktop-align-left","8":"tablet-align-left","9":"mobile-align-left","10":"ast-product-gallery-layout-horizontal-slider","11":"ast-product-gallery-with-no-image","12":"ast-product-tabs-layout-horizontal","14":"first","15":"instock","16":"taxable","17":"shipping-taxable","18":"purchasable","19":"product-type-simple"},"group_of_quantity":0,"min_quantity":500,"max_quantity":"","exclude_order_quantity_value_rules":"no","exclude_category_quantity_rules":"no","combine_variations":"no","acf":[],"yoast_head":"<!-- This site is optimized with the Yoast SEO Premium plugin v23.4 (Yoast SEO v26.5) - https:\/\/yoast.com\/wordpress\/plugins\/seo\/ -->\n<title>Ma\u00dfgeschneiderte Werbez\u00fcndh\u00f6lzer - BX12 - Europematch<\/title>\n<meta name=\"robots\" content=\"index, follow, max-snippet:-1, max-image-preview:large, max-video-preview:-1\" \/>\n<link rel=\"canonical\" href=\"https:\/\/europematch.eu\/pl\/produkt-2\/masgeschneiderte-werbezundholzer-bx12\/\" \/>\n<meta property=\"og:locale\" content=\"pl_PL\" \/>\n<meta property=\"og:type\" content=\"article\" \/>\n<meta property=\"og:title\" content=\"Ma\u00dfgeschneiderte Werbez\u00fcndh\u00f6lzer - BX12\" \/>\n<meta property=\"og:description\" content=\"M\u00e9ret: 112 x 17 x 17 mm Gyufasz\u00e1lak \u00e1tlagos mennyis\u00e9ge:\u00a012 Gyufasz\u00e1l m\u00e9ret::\u00a094 mm Gy\u00fajt\u00e1si fel\u00fclet: egy oldal\u00fa Standard kik\u00e9pz\u00e9s: uv Fej sz\u00edn: piros, k\u00e9k, z\u00f6ld, fekete, feh\u00e9r, barna\" \/>\n<meta property=\"og:url\" content=\"https:\/\/europematch.eu\/pl\/produkt-2\/masgeschneiderte-werbezundholzer-bx12\/\" \/>\n<meta property=\"og:site_name\" content=\"Europematch\" \/>\n<meta property=\"article:publisher\" content=\"https:\/\/www.facebook.com\/europematch.eu\" \/>\n<meta property=\"article:modified_time\" content=\"2025-02-13T13:49:28+00:00\" \/>\n<meta property=\"og:image\" content=\"https:\/\/europematch.eu\/wp-content\/uploads\/2024\/07\/BX12.webp\" \/>\n\t<meta property=\"og:image:width\" content=\"600\" \/>\n\t<meta property=\"og:image:height\" content=\"600\" \/>\n\t<meta property=\"og:image:type\" content=\"image\/webp\" \/>\n<meta name=\"twitter:card\" content=\"summary_large_image\" \/>\n<meta name=\"twitter:label1\" content=\"Szacowany czas czytania\" \/>\n\t<meta name=\"twitter:data1\" content=\"1 minuta\" \/>\n<script type=\"application\/ld+json\" class=\"yoast-schema-graph\">{\"@context\":\"https:\/\/schema.org\",\"@graph\":[{\"@type\":\"WebPage\",\"@id\":\"https:\/\/europematch.eu\/product\/masgeschneiderte-werbezundholzer-bx12\/\",\"url\":\"https:\/\/europematch.eu\/product\/masgeschneiderte-werbezundholzer-bx12\/\",\"name\":\"Ma\u00dfgeschneiderte Werbez\u00fcndh\u00f6lzer - BX12 - Europematch\",\"isPartOf\":{\"@id\":\"https:\/\/europematch.eu\/#website\"},\"primaryImageOfPage\":{\"@id\":\"https:\/\/europematch.eu\/product\/masgeschneiderte-werbezundholzer-bx12\/#primaryimage\"},\"image\":{\"@id\":\"https:\/\/europematch.eu\/product\/masgeschneiderte-werbezundholzer-bx12\/#primaryimage\"},\"thumbnailUrl\":\"https:\/\/europematch.eu\/wp-content\/uploads\/2024\/07\/BX12.webp\",\"datePublished\":\"2025-01-16T13:12:50+00:00\",\"dateModified\":\"2025-02-13T13:49:28+00:00\",\"breadcrumb\":{\"@id\":\"https:\/\/europematch.eu\/product\/masgeschneiderte-werbezundholzer-bx12\/#breadcrumb\"},\"inLanguage\":\"pl-PL\",\"potentialAction\":[{\"@type\":\"ReadAction\",\"target\":[\"https:\/\/europematch.eu\/product\/masgeschneiderte-werbezundholzer-bx12\/\"]}]},{\"@type\":\"ImageObject\",\"inLanguage\":\"pl-PL\",\"@id\":\"https:\/\/europematch.eu\/product\/masgeschneiderte-werbezundholzer-bx12\/#primaryimage\",\"url\":\"https:\/\/europematch.eu\/wp-content\/uploads\/2024\/07\/BX12.webp\",\"contentUrl\":\"https:\/\/europematch.eu\/wp-content\/uploads\/2024\/07\/BX12.webp\",\"width\":600,\"height\":600,\"caption\":\"BX12\"},{\"@type\":\"BreadcrumbList\",\"@id\":\"https:\/\/europematch.eu\/product\/masgeschneiderte-werbezundholzer-bx12\/#breadcrumb\",\"itemListElement\":[{\"@type\":\"ListItem\",\"position\":1,\"name\":\"Kezd\u0151lap\",\"item\":\"https:\/\/europematch.eu\/\"},{\"@type\":\"ListItem\",\"position\":2,\"name\":\"Shop\",\"item\":\"https:\/\/europematch.eu\/uzlet\/\"},{\"@type\":\"ListItem\",\"position\":3,\"name\":\"Ma\u00dfgeschneiderte Werbez\u00fcndh\u00f6lzer &#8211; BX12\"}]},{\"@type\":\"WebSite\",\"@id\":\"https:\/\/europematch.eu\/#website\",\"url\":\"https:\/\/europematch.eu\/\",\"name\":\"Europematch\",\"description\":\"Gyufagy\u00e1r Szeged\",\"publisher\":{\"@id\":\"https:\/\/europematch.eu\/#organization\"},\"potentialAction\":[{\"@type\":\"SearchAction\",\"target\":{\"@type\":\"EntryPoint\",\"urlTemplate\":\"https:\/\/europematch.eu\/?s={search_term_string}\"},\"query-input\":{\"@type\":\"PropertyValueSpecification\",\"valueRequired\":true,\"valueName\":\"search_term_string\"}}],\"inLanguage\":\"pl-PL\"},{\"@type\":\"Organization\",\"@id\":\"https:\/\/europematch.eu\/#organization\",\"name\":\"Europematch GmbH\",\"url\":\"https:\/\/europematch.eu\/\",\"logo\":{\"@type\":\"ImageObject\",\"inLanguage\":\"pl-PL\",\"@id\":\"https:\/\/europematch.eu\/#\/schema\/logo\/image\/\",\"url\":\"https:\/\/europematch.eu\/wp-content\/uploads\/2024\/07\/europematch-logo-2024-v1.svg\",\"contentUrl\":\"https:\/\/europematch.eu\/wp-content\/uploads\/2024\/07\/europematch-logo-2024-v1.svg\",\"width\":371,\"height\":147,\"caption\":\"Europematch GmbH\"},\"image\":{\"@id\":\"https:\/\/europematch.eu\/#\/schema\/logo\/image\/\"},\"sameAs\":[\"https:\/\/www.facebook.com\/europematch.eu\",\"https:\/\/www.instagram.com\/europematch.eu\"]}]}<\/script>\n<!-- \/ Yoast SEO Premium plugin. -->","yoast_head_json":{"title":"Ma\u00dfgeschneiderte Werbez\u00fcndh\u00f6lzer - BX12 - Europematch","robots":{"index":"index","follow":"follow","max-snippet":"max-snippet:-1","max-image-preview":"max-image-preview:large","max-video-preview":"max-video-preview:-1"},"canonical":"https:\/\/europematch.eu\/pl\/produkt-2\/masgeschneiderte-werbezundholzer-bx12\/","og_locale":"pl_PL","og_type":"article","og_title":"Ma\u00dfgeschneiderte Werbez\u00fcndh\u00f6lzer - BX12","og_description":"M\u00e9ret: 112 x 17 x 17 mm Gyufasz\u00e1lak \u00e1tlagos mennyis\u00e9ge:\u00a012 Gyufasz\u00e1l m\u00e9ret::\u00a094 mm Gy\u00fajt\u00e1si fel\u00fclet: egy oldal\u00fa Standard kik\u00e9pz\u00e9s: uv Fej sz\u00edn: piros, k\u00e9k, z\u00f6ld, fekete, feh\u00e9r, barna","og_url":"https:\/\/europematch.eu\/pl\/produkt-2\/masgeschneiderte-werbezundholzer-bx12\/","og_site_name":"Europematch","article_publisher":"https:\/\/www.facebook.com\/europematch.eu","article_modified_time":"2025-02-13T13:49:28+00:00","og_image":[{"width":600,"height":600,"url":"https:\/\/europematch.eu\/wp-content\/uploads\/2024\/07\/BX12.webp","type":"image\/webp"}],"twitter_card":"summary_large_image","twitter_misc":{"Szacowany czas czytania":"1 minuta"},"schema":{"@context":"https:\/\/schema.org","@graph":[{"@type":"WebPage","@id":"https:\/\/europematch.eu\/product\/masgeschneiderte-werbezundholzer-bx12\/","url":"https:\/\/europematch.eu\/product\/masgeschneiderte-werbezundholzer-bx12\/","name":"Ma\u00dfgeschneiderte Werbez\u00fcndh\u00f6lzer - BX12 - Europematch","isPartOf":{"@id":"https:\/\/europematch.eu\/#website"},"primaryImageOfPage":{"@id":"https:\/\/europematch.eu\/product\/masgeschneiderte-werbezundholzer-bx12\/#primaryimage"},"image":{"@id":"https:\/\/europematch.eu\/product\/masgeschneiderte-werbezundholzer-bx12\/#primaryimage"},"thumbnailUrl":"https:\/\/europematch.eu\/wp-content\/uploads\/2024\/07\/BX12.webp","datePublished":"2025-01-16T13:12:50+00:00","dateModified":"2025-02-13T13:49:28+00:00","breadcrumb":{"@id":"https:\/\/europematch.eu\/product\/masgeschneiderte-werbezundholzer-bx12\/#breadcrumb"},"inLanguage":"pl-PL","potentialAction":[{"@type":"ReadAction","target":["https:\/\/europematch.eu\/product\/masgeschneiderte-werbezundholzer-bx12\/"]}]},{"@type":"ImageObject","inLanguage":"pl-PL","@id":"https:\/\/europematch.eu\/product\/masgeschneiderte-werbezundholzer-bx12\/#primaryimage","url":"https:\/\/europematch.eu\/wp-content\/uploads\/2024\/07\/BX12.webp","contentUrl":"https:\/\/europematch.eu\/wp-content\/uploads\/2024\/07\/BX12.webp","width":600,"height":600,"caption":"BX12"},{"@type":"BreadcrumbList","@id":"https:\/\/europematch.eu\/product\/masgeschneiderte-werbezundholzer-bx12\/#breadcrumb","itemListElement":[{"@type":"ListItem","position":1,"name":"Kezd\u0151lap","item":"https:\/\/europematch.eu\/"},{"@type":"ListItem","position":2,"name":"Shop","item":"https:\/\/europematch.eu\/uzlet\/"},{"@type":"ListItem","position":3,"name":"Ma\u00dfgeschneiderte Werbez\u00fcndh\u00f6lzer &#8211; BX12"}]},{"@type":"WebSite","@id":"https:\/\/europematch.eu\/#website","url":"https:\/\/europematch.eu\/","name":"Europematch","description":"Gyufagy\u00e1r Szeged","publisher":{"@id":"https:\/\/europematch.eu\/#organization"},"potentialAction":[{"@type":"SearchAction","target":{"@type":"EntryPoint","urlTemplate":"https:\/\/europematch.eu\/?s={search_term_string}"},"query-input":{"@type":"PropertyValueSpecification","valueRequired":true,"valueName":"search_term_string"}}],"inLanguage":"pl-PL"},{"@type":"Organization","@id":"https:\/\/europematch.eu\/#organization","name":"Europematch GmbH","url":"https:\/\/europematch.eu\/","logo":{"@type":"ImageObject","inLanguage":"pl-PL","@id":"https:\/\/europematch.eu\/#\/schema\/logo\/image\/","url":"https:\/\/europematch.eu\/wp-content\/uploads\/2024\/07\/europematch-logo-2024-v1.svg","contentUrl":"https:\/\/europematch.eu\/wp-content\/uploads\/2024\/07\/europematch-logo-2024-v1.svg","width":371,"height":147,"caption":"Europematch GmbH"},"image":{"@id":"https:\/\/europematch.eu\/#\/schema\/logo\/image\/"},"sameAs":["https:\/\/www.facebook.com\/europematch.eu","https:\/\/www.instagram.com\/europematch.eu"]}]}},"_links":{"self":[{"href":"https:\/\/europematch.eu\/pl\/wp-json\/wp\/v2\/product\/2010","targetHints":{"allow":["GET"]}}],"collection":[{"href":"https:\/\/europematch.eu\/pl\/wp-json\/wp\/v2\/product"}],"about":[{"href":"https:\/\/europematch.eu\/pl\/wp-json\/wp\/v2\/types\/product"}],"version-history":[{"count":8,"href":"https:\/\/europematch.eu\/pl\/wp-json\/wp\/v2\/product\/2010\/revisions"}],"predecessor-version":[{"id":2266,"href":"https:\/\/europematch.eu\/pl\/wp-json\/wp\/v2\/product\/2010\/revisions\/2266"}],"wp:featuredmedia":[{"embeddable":true,"href":"https:\/\/europematch.eu\/pl\/wp-json\/wp\/v2\/media\/343"}],"wp:attachment":[{"href":"https:\/\/europematch.eu\/pl\/wp-json\/wp\/v2\/media?parent=2010"}],"wp:term":[{"taxonomy":"product_brand","embeddable":true,"href":"https:\/\/europematch.eu\/pl\/wp-json\/wp\/v2\/product_brand?post=2010"},{"taxonomy":"product_cat","embeddable":true,"href":"https:\/\/europematch.eu\/pl\/wp-json\/wp\/v2\/product_cat?post=2010"},{"taxonomy":"product_tag","embeddable":true,"href":"https:\/\/europematch.eu\/pl\/wp-json\/wp\/v2\/product_tag?post=2010"}],"curies":[{"name":"wp","href":"https:\/\/api.w.org\/{rel}","templated":true}]}}