{"id":1156,"date":"2024-08-24T13:48:00","date_gmt":"2024-08-24T11:48:00","guid":{"rendered":"https:\/\/europematch.eu\/?page_id=1156"},"modified":"2024-09-03T13:49:46","modified_gmt":"2024-09-03T11:49:46","slug":"hosszu-gyufa-bx8l","status":"publish","type":"page","link":"https:\/\/europematch.eu\/es\/hosszu-gyufa-bx8l\/","title":{"rendered":"Hossz\u00fa gyufa &#8211; BX8L"},"content":{"rendered":"<div data-elementor-type=\"wp-page\" data-elementor-id=\"1156\" class=\"elementor elementor-1156\" data-elementor-post-type=\"page\">\n\t\t\t\t<div class=\"elementor-element elementor-element-44a9603c e-flex e-con-boxed e-con e-parent\" data-id=\"44a9603c\" data-element_type=\"container\" data-e-type=\"container\">\n\t\t\t\t\t<div class=\"e-con-inner\">\n\t\t<div class=\"elementor-element elementor-element-7a8551ab e-con-full e-flex e-con e-child\" data-id=\"7a8551ab\" data-element_type=\"container\" data-e-type=\"container\">\n\t\t\t\t<\/div>\n\t\t<div class=\"elementor-element elementor-element-85cddaa e-con-full e-flex e-con e-child\" data-id=\"85cddaa\" data-element_type=\"container\" data-e-type=\"container\" data-settings=\"{&quot;background_background&quot;:&quot;classic&quot;}\">\n\t\t\t\t<div class=\"elementor-element elementor-element-62d8f35c elementor-widget elementor-widget-heading\" data-id=\"62d8f35c\" data-element_type=\"widget\" data-e-type=\"widget\" data-widget_type=\"heading.default\">\n\t\t\t\t<div class=\"elementor-widget-container\">\n\t\t\t\t\t<h3 class=\"elementor-heading-title elementor-size-default\">Hossz\u00fa gyufa<\/h3>\t\t\t\t<\/div>\n\t\t\t\t<\/div>\n\t\t\t\t<div class=\"elementor-element elementor-element-69bfa607 elementor-widget elementor-widget-heading\" data-id=\"69bfa607\" data-element_type=\"widget\" data-e-type=\"widget\" data-widget_type=\"heading.default\">\n\t\t\t\t<div class=\"elementor-widget-container\">\n\t\t\t\t\t<h1 class=\"elementor-heading-title elementor-size-default\">BX8L<\/h1>\t\t\t\t<\/div>\n\t\t\t\t<\/div>\n\t\t\t\t<\/div>\n\t\t<div class=\"elementor-element elementor-element-5c0f817d e-con-full e-flex e-con e-child\" data-id=\"5c0f817d\" data-element_type=\"container\" data-e-type=\"container\">\n\t\t\t\t<\/div>\n\t\t\t\t\t<\/div>\n\t\t\t\t<\/div>\n\t\t<div class=\"elementor-element elementor-element-72021d64 e-flex e-con-boxed e-con e-parent\" data-id=\"72021d64\" data-element_type=\"container\" data-e-type=\"container\" data-settings=\"{&quot;background_background&quot;:&quot;classic&quot;}\">\n\t\t\t\t\t<div class=\"e-con-inner\">\n\t\t<div class=\"elementor-element elementor-element-4f9f1e2f e-con-full e-flex e-con e-child\" data-id=\"4f9f1e2f\" data-element_type=\"container\" data-e-type=\"container\" data-settings=\"{&quot;background_background&quot;:&quot;classic&quot;}\">\n\t\t\t\t<div class=\"elementor-element elementor-element-7428b373 elementor-widget elementor-widget-image\" data-id=\"7428b373\" data-element_type=\"widget\" data-e-type=\"widget\" data-widget_type=\"image.default\">\n\t\t\t\t<div class=\"elementor-widget-container\">\n\t\t\t\t\t\t\t\t\t\t\t\t\t\t\t<img fetchpriority=\"high\" decoding=\"async\" width=\"600\" height=\"600\" src=\"https:\/\/europematch.eu\/wp-content\/uploads\/2024\/07\/BX8L.webp\" class=\"attachment-large size-large wp-image-342\" alt=\"\" srcset=\"https:\/\/europematch.eu\/wp-content\/uploads\/2024\/07\/BX8L.webp 600w, https:\/\/europematch.eu\/wp-content\/uploads\/2024\/07\/BX8L-263x263.webp 263w, https:\/\/europematch.eu\/wp-content\/uploads\/2024\/07\/BX8L-100x100.webp 100w, https:\/\/europematch.eu\/wp-content\/uploads\/2024\/07\/BX8L-150x150.webp 150w\" sizes=\"(max-width: 600px) 100vw, 600px\" \/>\t\t\t\t\t\t\t\t\t\t\t\t\t\t\t<\/div>\n\t\t\t\t<\/div>\n\t\t\t\t<\/div>\n\t\t<div class=\"elementor-element elementor-element-6a92050d e-con-full e-flex e-con e-child\" data-id=\"6a92050d\" data-element_type=\"container\" data-e-type=\"container\" data-settings=\"{&quot;background_background&quot;:&quot;classic&quot;}\">\n\t\t\t\t<div class=\"elementor-element elementor-element-76e5a14a elementor-widget elementor-widget-heading\" data-id=\"76e5a14a\" data-element_type=\"widget\" data-e-type=\"widget\" data-widget_type=\"heading.default\">\n\t\t\t\t<div class=\"elementor-widget-container\">\n\t\t\t\t\t<h4 class=\"elementor-heading-title elementor-size-default\">Informaci\u00f3n del producto<\/h4>\t\t\t\t<\/div>\n\t\t\t\t<\/div>\n\t\t\t\t<div class=\"elementor-element elementor-element-18221656 elementor-widget elementor-widget-heading\" data-id=\"18221656\" data-element_type=\"widget\" data-e-type=\"widget\" data-widget_type=\"heading.default\">\n\t\t\t\t<div class=\"elementor-widget-container\">\n\t\t\t\t\t<h4 class=\"elementor-heading-title elementor-size-default\">Ayuda<\/h4>\t\t\t\t<\/div>\n\t\t\t\t<\/div>\n\t\t\t\t<div class=\"elementor-element elementor-element-3733353d elementor-widget elementor-widget-text-editor\" data-id=\"3733353d\" data-element_type=\"widget\" data-e-type=\"widget\" data-widget_type=\"text-editor.default\">\n\t\t\t\t<div class=\"elementor-widget-container\">\n\t\t\t\t\t\t\t\t\t<p><span style=\"font-weight: 400;\">Plantillas y gu\u00edas para ayudarle a dise\u00f1ar sus partidos.\u00a0<br \/><\/span><\/p>\t\t\t\t\t\t\t\t<\/div>\n\t\t\t\t<\/div>\n\t\t\t\t<div class=\"elementor-element elementor-element-27c58d6b elementor-align-left elementor-widget elementor-widget-button\" data-id=\"27c58d6b\" data-element_type=\"widget\" data-e-type=\"widget\" data-widget_type=\"button.default\">\n\t\t\t\t<div class=\"elementor-widget-container\">\n\t\t\t\t\t\t\t\t\t<div class=\"elementor-button-wrapper\">\n\t\t\t\t\t<a class=\"elementor-button elementor-button-link elementor-size-sm\" href=\"https:\/\/europematch.eu\/template\/BX8L.rar\">\n\t\t\t\t\t\t<span class=\"elementor-button-content-wrapper\">\n\t\t\t\t\t\t\t\t\t<span class=\"elementor-button-text\">descargar plantilla<\/span>\n\t\t\t\t\t<\/span>\n\t\t\t\t\t<\/a>\n\t\t\t\t<\/div>\n\t\t\t\t\t\t\t\t<\/div>\n\t\t\t\t<\/div>\n\t\t\t\t<\/div>\n\t\t\t\t\t<\/div>\n\t\t\t\t<\/div>\n\t\t<div class=\"elementor-element elementor-element-45b5c44c e-flex e-con-boxed e-con e-parent\" data-id=\"45b5c44c\" data-element_type=\"container\" data-e-type=\"container\" data-settings=\"{&quot;background_background&quot;:&quot;classic&quot;}\">\n\t\t\t\t\t<div class=\"e-con-inner\">\n\t\t<div class=\"elementor-element elementor-element-10538a5b e-con-full e-flex e-con e-child\" data-id=\"10538a5b\" data-element_type=\"container\" data-e-type=\"container\">\n\t\t\t\t<div class=\"elementor-element elementor-element-6d362f72 elementor-widget elementor-widget-image\" data-id=\"6d362f72\" data-element_type=\"widget\" data-e-type=\"widget\" data-widget_type=\"image.default\">\n\t\t\t\t<div class=\"elementor-widget-container\">\n\t\t\t\t\t\t\t\t\t\t\t\t\t\t\t<img decoding=\"async\" width=\"47\" height=\"55\" src=\"https:\/\/europematch.eu\/wp-content\/uploads\/2024\/07\/europe-match-fire-001.webp\" class=\"attachment-large size-large wp-image-522\" alt=\"europe match fire 001\" \/>\t\t\t\t\t\t\t\t\t\t\t\t\t\t\t<\/div>\n\t\t\t\t<\/div>\n\t\t\t\t<\/div>\n\t\t\t\t\t<\/div>\n\t\t\t\t<\/div>\n\t\t<div class=\"elementor-element elementor-element-26777ee e-con-full e-flex e-con e-parent\" data-id=\"26777ee\" data-element_type=\"container\" data-e-type=\"container\" data-settings=\"{&quot;background_background&quot;:&quot;classic&quot;}\">\n\t\t\t\t<div class=\"elementor-element elementor-element-573b54 elementor-widget elementor-widget-heading\" data-id=\"573b54\" data-element_type=\"widget\" data-e-type=\"widget\" data-widget_type=\"heading.default\">\n\t\t\t\t<div class=\"elementor-widget-container\">\n\t\t\t\t\t<h3 class=\"elementor-heading-title elementor-size-default\">GALER\u00cdA<\/h3>\t\t\t\t<\/div>\n\t\t\t\t<\/div>\n\t\t\t\t<\/div>\n\t\t<div class=\"elementor-element elementor-element-34fad313 e-con-full e-flex e-con e-parent\" data-id=\"34fad313\" data-element_type=\"container\" data-e-type=\"container\" data-settings=\"{&quot;background_background&quot;:&quot;classic&quot;}\">\n\t\t\t\t<\/div>\n\t\t<div class=\"elementor-element elementor-element-37110132 e-flex e-con-boxed e-con e-parent\" data-id=\"37110132\" data-element_type=\"container\" data-e-type=\"container\" data-settings=\"{&quot;background_background&quot;:&quot;classic&quot;}\">\n\t\t\t\t\t<div class=\"e-con-inner\">\n\t\t<div class=\"elementor-element elementor-element-368c365 e-con-full e-flex e-con e-child\" data-id=\"368c365\" data-element_type=\"container\" data-e-type=\"container\">\n\t\t\t\t<div class=\"elementor-element elementor-element-5274a8d7 elementor-widget elementor-widget-image\" data-id=\"5274a8d7\" data-element_type=\"widget\" data-e-type=\"widget\" data-widget_type=\"image.default\">\n\t\t\t\t<div class=\"elementor-widget-container\">\n\t\t\t\t\t\t\t\t\t\t\t\t\t\t\t<img decoding=\"async\" width=\"47\" height=\"55\" src=\"https:\/\/europematch.eu\/wp-content\/uploads\/2024\/07\/europe-match-fire-001.webp\" class=\"attachment-large size-large wp-image-522\" alt=\"europe match fire 001\" \/>\t\t\t\t\t\t\t\t\t\t\t\t\t\t\t<\/div>\n\t\t\t\t<\/div>\n\t\t\t\t<\/div>\n\t\t\t\t\t<\/div>\n\t\t\t\t<\/div>\n\t\t<div class=\"elementor-element elementor-element-326e0d76 e-flex e-con-boxed e-con e-parent\" data-id=\"326e0d76\" data-element_type=\"container\" data-e-type=\"container\" data-settings=\"{&quot;background_background&quot;:&quot;gradient&quot;}\">\n\t\t\t\t\t<div class=\"e-con-inner\">\n\t\t<div class=\"elementor-element elementor-element-2d6ca26d e-con-full e-flex e-con e-child\" data-id=\"2d6ca26d\" data-element_type=\"container\" data-e-type=\"container\" data-settings=\"{&quot;background_background&quot;:&quot;classic&quot;}\">\n\t\t\t\t<div class=\"elementor-element elementor-element-5edba1f elementor-widget elementor-widget-image\" data-id=\"5edba1f\" data-element_type=\"widget\" data-e-type=\"widget\" data-widget_type=\"image.default\">\n\t\t\t\t<div class=\"elementor-widget-container\">\n\t\t\t\t\t\t\t\t\t\t\t\t\t\t\t<img decoding=\"async\" width=\"431\" height=\"450\" src=\"https:\/\/europematch.eu\/wp-content\/uploads\/2024\/08\/europematch-arajanlat-002.webp\" class=\"attachment-full size-full wp-image-904\" alt=\"europematch arajanlat 002\" \/>\t\t\t\t\t\t\t\t\t\t\t\t\t\t\t<\/div>\n\t\t\t\t<\/div>\n\t\t\t\t<\/div>\n\t\t<div class=\"elementor-element elementor-element-2c46633e e-con-full e-flex e-con e-child\" data-id=\"2c46633e\" data-element_type=\"container\" data-e-type=\"container\" data-settings=\"{&quot;background_background&quot;:&quot;classic&quot;}\">\n\t\t<div class=\"elementor-element elementor-element-12c6be83 e-con-full e-flex e-con e-child\" data-id=\"12c6be83\" data-element_type=\"container\" data-e-type=\"container\">\n\t\t<div class=\"elementor-element elementor-element-3287eac3 e-con-full e-flex e-con e-child\" data-id=\"3287eac3\" data-element_type=\"container\" data-e-type=\"container\">\n\t\t\t\t<div class=\"elementor-element elementor-element-52bf79bd elementor-widget elementor-widget-image-box\" data-id=\"52bf79bd\" data-element_type=\"widget\" data-e-type=\"widget\" data-widget_type=\"image-box.default\">\n\t\t\t\t<div class=\"elementor-widget-container\">\n\t\t\t\t\t<div class=\"elementor-image-box-wrapper\"><div class=\"elementor-image-box-content\"><h2 class=\"elementor-image-box-title\">Solicitar una cotizaci\u00f3n<\/h2><p class=\"elementor-image-box-description\">Tambi\u00e9n puede contactar con nosotros rellenando el formulario o solicitar un presupuesto. \nNuestro personal est\u00e1 a su disposici\u00f3n.<\/p><\/div><\/div>\t\t\t\t<\/div>\n\t\t\t\t<\/div>\n\t\t\t\t<div class=\"elementor-element elementor-element-32ca1a7 elementor-align-left elementor-widget elementor-widget-button\" data-id=\"32ca1a7\" data-element_type=\"widget\" data-e-type=\"widget\" data-widget_type=\"button.default\">\n\t\t\t\t<div class=\"elementor-widget-container\">\n\t\t\t\t\t\t\t\t\t<div class=\"elementor-button-wrapper\">\n\t\t\t\t\t<a class=\"elementor-button elementor-button-link elementor-size-sm\" href=\"#elementor-action%3Aaction%3Dpopup%3Aopen%26settings%3DeyJpZCI6IjEzNDMiLCJ0b2dnbGUiOmZhbHNlfQ%3D%3D\">\n\t\t\t\t\t\t<span class=\"elementor-button-content-wrapper\">\n\t\t\t\t\t\t\t\t\t<span class=\"elementor-button-text\">Oferta de precio<\/span>\n\t\t\t\t\t<\/span>\n\t\t\t\t\t<\/a>\n\t\t\t\t<\/div>\n\t\t\t\t\t\t\t\t<\/div>\n\t\t\t\t<\/div>\n\t\t\t\t<\/div>\n\t\t\t\t<\/div>\n\t\t\t\t<\/div>\n\t\t\t\t\t<\/div>\n\t\t\t\t<\/div>\n\t\t\t\t<\/div>","protected":false},"excerpt":{"rendered":"<p>Hossz\u00fa gyufa BX8L Term\u00e9kinform\u00e1ci\u00f3k tervez\u00e9si seg\u00e9dlet Gyuf\u00e1ink egyedi tervez\u00e9s\u00e9hez haszn\u00e1lhat\u00f3 sablonok \u00e9s seg\u00e9dletek.\u00a0 sablon let\u00f6lt\u00e9se GAL\u00c9RIA K\u00e9rjen \u00e1raj\u00e1nlatot Az \u0171rlap [&hellip;]<\/p>","protected":false},"author":1,"featured_media":0,"parent":0,"menu_order":0,"comment_status":"closed","ping_status":"closed","template":"","meta":{"_acf_changed":false,"site-sidebar-layout":"no-sidebar","site-content-layout":"","ast-site-content-layout":"full-width-container","site-content-style":"default","site-sidebar-style":"default","ast-global-header-display":"","ast-banner-title-visibility":"","ast-main-header-display":"","ast-hfb-above-header-display":"","ast-hfb-below-header-display":"","ast-hfb-mobile-header-display":"","site-post-title":"disabled","ast-breadcrumbs-content":"","ast-featured-img":"disabled","footer-sml-layout":"","theme-transparent-header-meta":"default","adv-header-id-meta":"","stick-header-meta":"","header-above-stick-meta":"","header-main-stick-meta":"","header-below-stick-meta":"","astra-migrate-meta-layouts":"set","ast-page-background-enabled":"default","ast-page-background-meta":{"desktop":{"background-color":"var(--ast-global-color-4)","background-image":"","background-repeat":"repeat","background-position":"center center","background-size":"auto","background-attachment":"scroll","background-type":"","background-media":"","overlay-type":"","overlay-color":"","overlay-opacity":"","overlay-gradient":""},"tablet":{"background-color":"","background-image":"","background-repeat":"repeat","background-position":"center center","background-size":"auto","background-attachment":"scroll","background-type":"","background-media":"","overlay-type":"","overlay-color":"","overlay-opacity":"","overlay-gradient":""},"mobile":{"background-color":"","background-image":"","background-repeat":"repeat","background-position":"center center","background-size":"auto","background-attachment":"scroll","background-type":"","background-media":"","overlay-type":"","overlay-color":"","overlay-opacity":"","overlay-gradient":""}},"ast-content-background-meta":{"desktop":{"background-color":"var(--ast-global-color-5)","background-image":"","background-repeat":"repeat","background-position":"center center","background-size":"auto","background-attachment":"scroll","background-type":"","background-media":"","overlay-type":"","overlay-color":"","overlay-opacity":"","overlay-gradient":""},"tablet":{"background-color":"var(--ast-global-color-5)","background-image":"","background-repeat":"repeat","background-position":"center center","background-size":"auto","background-attachment":"scroll","background-type":"","background-media":"","overlay-type":"","overlay-color":"","overlay-opacity":"","overlay-gradient":""},"mobile":{"background-color":"var(--ast-global-color-5)","background-image":"","background-repeat":"repeat","background-position":"center center","background-size":"auto","background-attachment":"scroll","background-type":"","background-media":"","overlay-type":"","overlay-color":"","overlay-opacity":"","overlay-gradient":""}},"footnotes":""},"class_list":["post-1156","page","type-page","status-publish","hentry"],"acf":[],"yoast_head":"<!-- This site is optimized with the Yoast SEO Premium plugin v23.4 (Yoast SEO v26.5) - https:\/\/yoast.com\/wordpress\/plugins\/seo\/ -->\n<title>Hossz\u00fa gyufa - BX8L - Europematch<\/title>\n<meta name=\"robots\" content=\"index, follow, max-snippet:-1, max-image-preview:large, max-video-preview:-1\" \/>\n<link rel=\"canonical\" href=\"https:\/\/europematch.eu\/es\/hosszu-gyufa-bx8l\/\" \/>\n<meta property=\"og:locale\" content=\"es_ES\" \/>\n<meta property=\"og:type\" content=\"article\" \/>\n<meta property=\"og:title\" content=\"Hossz\u00fa gyufa - BX8L\" \/>\n<meta property=\"og:description\" content=\"Hossz\u00fa gyufa BX8L Term\u00e9kinform\u00e1ci\u00f3k tervez\u00e9si seg\u00e9dlet Gyuf\u00e1ink egyedi tervez\u00e9s\u00e9hez haszn\u00e1lhat\u00f3 sablonok \u00e9s seg\u00e9dletek.\u00a0 sablon let\u00f6lt\u00e9se GAL\u00c9RIA K\u00e9rjen \u00e1raj\u00e1nlatot Az \u0171rlap [&hellip;]\" \/>\n<meta property=\"og:url\" content=\"https:\/\/europematch.eu\/es\/hosszu-gyufa-bx8l\/\" \/>\n<meta property=\"og:site_name\" content=\"Europematch\" \/>\n<meta property=\"article:publisher\" content=\"https:\/\/www.facebook.com\/europematch.eu\" \/>\n<meta property=\"article:modified_time\" content=\"2024-09-03T11:49:46+00:00\" \/>\n<meta property=\"og:image\" content=\"https:\/\/europematch.eu\/wp-content\/uploads\/2024\/07\/BX8L.webp\" \/>\n<meta name=\"twitter:card\" content=\"summary_large_image\" \/>\n<meta name=\"twitter:label1\" content=\"Tiempo de lectura\" \/>\n\t<meta name=\"twitter:data1\" content=\"1 minuto\" \/>\n<script type=\"application\/ld+json\" class=\"yoast-schema-graph\">{\"@context\":\"https:\/\/schema.org\",\"@graph\":[{\"@type\":\"WebPage\",\"@id\":\"https:\/\/europematch.eu\/hosszu-gyufa-bx8l\/\",\"url\":\"https:\/\/europematch.eu\/hosszu-gyufa-bx8l\/\",\"name\":\"Hossz\u00fa gyufa - BX8L - Europematch\",\"isPartOf\":{\"@id\":\"https:\/\/europematch.eu\/#website\"},\"primaryImageOfPage\":{\"@id\":\"https:\/\/europematch.eu\/hosszu-gyufa-bx8l\/#primaryimage\"},\"image\":{\"@id\":\"https:\/\/europematch.eu\/hosszu-gyufa-bx8l\/#primaryimage\"},\"thumbnailUrl\":\"https:\/\/europematch.eu\/wp-content\/uploads\/2024\/07\/BX8L.webp\",\"datePublished\":\"2024-08-24T11:48:00+00:00\",\"dateModified\":\"2024-09-03T11:49:46+00:00\",\"breadcrumb\":{\"@id\":\"https:\/\/europematch.eu\/hosszu-gyufa-bx8l\/#breadcrumb\"},\"inLanguage\":\"es\",\"potentialAction\":[{\"@type\":\"ReadAction\",\"target\":[\"https:\/\/europematch.eu\/hosszu-gyufa-bx8l\/\"]}]},{\"@type\":\"ImageObject\",\"inLanguage\":\"es\",\"@id\":\"https:\/\/europematch.eu\/hosszu-gyufa-bx8l\/#primaryimage\",\"url\":\"https:\/\/europematch.eu\/wp-content\/uploads\/2024\/07\/BX8L.webp\",\"contentUrl\":\"https:\/\/europematch.eu\/wp-content\/uploads\/2024\/07\/BX8L.webp\"},{\"@type\":\"BreadcrumbList\",\"@id\":\"https:\/\/europematch.eu\/hosszu-gyufa-bx8l\/#breadcrumb\",\"itemListElement\":[{\"@type\":\"ListItem\",\"position\":1,\"name\":\"Kezd\u0151lap\",\"item\":\"https:\/\/europematch.eu\/\"},{\"@type\":\"ListItem\",\"position\":2,\"name\":\"Hossz\u00fa gyufa &#8211; BX8L\"}]},{\"@type\":\"WebSite\",\"@id\":\"https:\/\/europematch.eu\/#website\",\"url\":\"https:\/\/europematch.eu\/\",\"name\":\"Europematch\",\"description\":\"Gyufagy\u00e1r Szeged\",\"publisher\":{\"@id\":\"https:\/\/europematch.eu\/#organization\"},\"potentialAction\":[{\"@type\":\"SearchAction\",\"target\":{\"@type\":\"EntryPoint\",\"urlTemplate\":\"https:\/\/europematch.eu\/?s={search_term_string}\"},\"query-input\":{\"@type\":\"PropertyValueSpecification\",\"valueRequired\":true,\"valueName\":\"search_term_string\"}}],\"inLanguage\":\"es\"},{\"@type\":\"Organization\",\"@id\":\"https:\/\/europematch.eu\/#organization\",\"name\":\"Europematch GmbH\",\"url\":\"https:\/\/europematch.eu\/\",\"logo\":{\"@type\":\"ImageObject\",\"inLanguage\":\"es\",\"@id\":\"https:\/\/europematch.eu\/#\/schema\/logo\/image\/\",\"url\":\"https:\/\/europematch.eu\/wp-content\/uploads\/2024\/07\/europematch-logo-2024-v1.svg\",\"contentUrl\":\"https:\/\/europematch.eu\/wp-content\/uploads\/2024\/07\/europematch-logo-2024-v1.svg\",\"width\":371,\"height\":147,\"caption\":\"Europematch GmbH\"},\"image\":{\"@id\":\"https:\/\/europematch.eu\/#\/schema\/logo\/image\/\"},\"sameAs\":[\"https:\/\/www.facebook.com\/europematch.eu\",\"https:\/\/www.instagram.com\/europematch.eu\"]}]}<\/script>\n<!-- \/ Yoast SEO Premium plugin. -->","yoast_head_json":{"title":"Hossz\u00fa gyufa - BX8L - Europematch","robots":{"index":"index","follow":"follow","max-snippet":"max-snippet:-1","max-image-preview":"max-image-preview:large","max-video-preview":"max-video-preview:-1"},"canonical":"https:\/\/europematch.eu\/es\/hosszu-gyufa-bx8l\/","og_locale":"es_ES","og_type":"article","og_title":"Hossz\u00fa gyufa - BX8L","og_description":"Hossz\u00fa gyufa BX8L Term\u00e9kinform\u00e1ci\u00f3k tervez\u00e9si seg\u00e9dlet Gyuf\u00e1ink egyedi tervez\u00e9s\u00e9hez haszn\u00e1lhat\u00f3 sablonok \u00e9s seg\u00e9dletek.\u00a0 sablon let\u00f6lt\u00e9se GAL\u00c9RIA K\u00e9rjen \u00e1raj\u00e1nlatot Az \u0171rlap [&hellip;]","og_url":"https:\/\/europematch.eu\/es\/hosszu-gyufa-bx8l\/","og_site_name":"Europematch","article_publisher":"https:\/\/www.facebook.com\/europematch.eu","article_modified_time":"2024-09-03T11:49:46+00:00","og_image":[{"url":"https:\/\/europematch.eu\/wp-content\/uploads\/2024\/07\/BX8L.webp","type":"","width":"","height":""}],"twitter_card":"summary_large_image","twitter_misc":{"Tiempo de lectura":"1 minuto"},"schema":{"@context":"https:\/\/schema.org","@graph":[{"@type":"WebPage","@id":"https:\/\/europematch.eu\/hosszu-gyufa-bx8l\/","url":"https:\/\/europematch.eu\/hosszu-gyufa-bx8l\/","name":"Hossz\u00fa gyufa - BX8L - Europematch","isPartOf":{"@id":"https:\/\/europematch.eu\/#website"},"primaryImageOfPage":{"@id":"https:\/\/europematch.eu\/hosszu-gyufa-bx8l\/#primaryimage"},"image":{"@id":"https:\/\/europematch.eu\/hosszu-gyufa-bx8l\/#primaryimage"},"thumbnailUrl":"https:\/\/europematch.eu\/wp-content\/uploads\/2024\/07\/BX8L.webp","datePublished":"2024-08-24T11:48:00+00:00","dateModified":"2024-09-03T11:49:46+00:00","breadcrumb":{"@id":"https:\/\/europematch.eu\/hosszu-gyufa-bx8l\/#breadcrumb"},"inLanguage":"es","potentialAction":[{"@type":"ReadAction","target":["https:\/\/europematch.eu\/hosszu-gyufa-bx8l\/"]}]},{"@type":"ImageObject","inLanguage":"es","@id":"https:\/\/europematch.eu\/hosszu-gyufa-bx8l\/#primaryimage","url":"https:\/\/europematch.eu\/wp-content\/uploads\/2024\/07\/BX8L.webp","contentUrl":"https:\/\/europematch.eu\/wp-content\/uploads\/2024\/07\/BX8L.webp"},{"@type":"BreadcrumbList","@id":"https:\/\/europematch.eu\/hosszu-gyufa-bx8l\/#breadcrumb","itemListElement":[{"@type":"ListItem","position":1,"name":"Kezd\u0151lap","item":"https:\/\/europematch.eu\/"},{"@type":"ListItem","position":2,"name":"Hossz\u00fa gyufa &#8211; BX8L"}]},{"@type":"WebSite","@id":"https:\/\/europematch.eu\/#website","url":"https:\/\/europematch.eu\/","name":"Europematch","description":"Gyufagy\u00e1r Szeged","publisher":{"@id":"https:\/\/europematch.eu\/#organization"},"potentialAction":[{"@type":"SearchAction","target":{"@type":"EntryPoint","urlTemplate":"https:\/\/europematch.eu\/?s={search_term_string}"},"query-input":{"@type":"PropertyValueSpecification","valueRequired":true,"valueName":"search_term_string"}}],"inLanguage":"es"},{"@type":"Organization","@id":"https:\/\/europematch.eu\/#organization","name":"Europematch GmbH","url":"https:\/\/europematch.eu\/","logo":{"@type":"ImageObject","inLanguage":"es","@id":"https:\/\/europematch.eu\/#\/schema\/logo\/image\/","url":"https:\/\/europematch.eu\/wp-content\/uploads\/2024\/07\/europematch-logo-2024-v1.svg","contentUrl":"https:\/\/europematch.eu\/wp-content\/uploads\/2024\/07\/europematch-logo-2024-v1.svg","width":371,"height":147,"caption":"Europematch GmbH"},"image":{"@id":"https:\/\/europematch.eu\/#\/schema\/logo\/image\/"},"sameAs":["https:\/\/www.facebook.com\/europematch.eu","https:\/\/www.instagram.com\/europematch.eu"]}]}},"_links":{"self":[{"href":"https:\/\/europematch.eu\/es\/wp-json\/wp\/v2\/pages\/1156","targetHints":{"allow":["GET"]}}],"collection":[{"href":"https:\/\/europematch.eu\/es\/wp-json\/wp\/v2\/pages"}],"about":[{"href":"https:\/\/europematch.eu\/es\/wp-json\/wp\/v2\/types\/page"}],"author":[{"embeddable":true,"href":"https:\/\/europematch.eu\/es\/wp-json\/wp\/v2\/users\/1"}],"replies":[{"embeddable":true,"href":"https:\/\/europematch.eu\/es\/wp-json\/wp\/v2\/comments?post=1156"}],"version-history":[{"count":4,"href":"https:\/\/europematch.eu\/es\/wp-json\/wp\/v2\/pages\/1156\/revisions"}],"predecessor-version":[{"id":1691,"href":"https:\/\/europematch.eu\/es\/wp-json\/wp\/v2\/pages\/1156\/revisions\/1691"}],"wp:attachment":[{"href":"https:\/\/europematch.eu\/es\/wp-json\/wp\/v2\/media?parent=1156"}],"curies":[{"name":"wp","href":"https:\/\/api.w.org\/{rel}","templated":true}]}}