{"id":1367,"date":"2024-08-30T21:09:35","date_gmt":"2024-08-30T19:09:35","guid":{"rendered":"https:\/\/europematch.eu\/?page_id=1367"},"modified":"2024-08-30T21:20:13","modified_gmt":"2024-08-30T19:20:13","slug":"proba-hirlevel","status":"publish","type":"page","link":"https:\/\/europematch.eu\/en\/proba-hirlevel\/","title":{"rendered":"Pr\u00f3ba h\u00edrlev\u00e9l"},"content":{"rendered":"<div data-elementor-type=\"wp-page\" data-elementor-id=\"1367\" class=\"elementor elementor-1367\" data-elementor-post-type=\"page\">\n\t\t\t\t<div class=\"elementor-element elementor-element-5692a49 e-flex e-con-boxed e-con e-parent\" data-id=\"5692a49\" data-element_type=\"container\" data-e-type=\"container\">\n\t\t\t\t\t<div class=\"e-con-inner\">\n\t\t\t\t<div class=\"elementor-element elementor-element-13c3463 elementor-widget elementor-widget-html\" data-id=\"13c3463\" data-element_type=\"widget\" data-e-type=\"widget\" data-widget_type=\"html.default\">\n\t\t\t\t<div class=\"elementor-widget-container\">\n\t\t\t\t\t<div id=\"mmform302243\" class=\"mmform\" style=\"position: relative; padding-bottom: 300px; height: 0; overflow: hidden; max-width: 420px;\"><\/div>\r\n<script type=\"text\/javascript\">\r\nvar uniqueId = 3022431725045586402,\r\n\tlistId = 152537,\r\n\tformId = 302243,\r\n\tiwidth=015,\r\n\tmmDomain='salesautopilot.s3.amazonaws.com',\r\n\tsecondMMDomain='sw.marketingszoftverek.hu',\r\n\tspancont=false,\r\n\tsecure='https:' == (document.location.protocol)?true:false;\r\n<\/script>\r\n<script type=\"text\/javascript\" src=\"https:\/\/d1ursyhqs5x9h1.cloudfront.net\/sw\/scripts\/mm-embed-iframe-1.17.min.js\"><\/script>\t\t\t\t<\/div>\n\t\t\t\t<\/div>\n\t\t\t\t\t<\/div>\n\t\t\t\t<\/div>\n\t\t\t\t<\/div>","protected":false},"excerpt":{"rendered":"","protected":false},"author":1,"featured_media":0,"parent":0,"menu_order":0,"comment_status":"closed","ping_status":"closed","template":"","meta":{"_acf_changed":false,"site-sidebar-layout":"no-sidebar","site-content-layout":"","ast-site-content-layout":"full-width-container","site-content-style":"default","site-sidebar-style":"default","ast-global-header-display":"","ast-banner-title-visibility":"","ast-main-header-display":"","ast-hfb-above-header-display":"","ast-hfb-below-header-display":"","ast-hfb-mobile-header-display":"","site-post-title":"disabled","ast-breadcrumbs-content":"","ast-featured-img":"disabled","footer-sml-layout":"","theme-transparent-header-meta":"default","adv-header-id-meta":"","stick-header-meta":"","header-above-stick-meta":"","header-main-stick-meta":"","header-below-stick-meta":"","astra-migrate-meta-layouts":"set","ast-page-background-enabled":"default","ast-page-background-meta":{"desktop":{"background-color":"var(--ast-global-color-4)","background-image":"","background-repeat":"repeat","background-position":"center center","background-size":"auto","background-attachment":"scroll","background-type":"","background-media":"","overlay-type":"","overlay-color":"","overlay-opacity":"","overlay-gradient":""},"tablet":{"background-color":"","background-image":"","background-repeat":"repeat","background-position":"center center","background-size":"auto","background-attachment":"scroll","background-type":"","background-media":"","overlay-type":"","overlay-color":"","overlay-opacity":"","overlay-gradient":""},"mobile":{"background-color":"","background-image":"","background-repeat":"repeat","background-position":"center center","background-size":"auto","background-attachment":"scroll","background-type":"","background-media":"","overlay-type":"","overlay-color":"","overlay-opacity":"","overlay-gradient":""}},"ast-content-background-meta":{"desktop":{"background-color":"var(--ast-global-color-5)","background-image":"","background-repeat":"repeat","background-position":"center center","background-size":"auto","background-attachment":"scroll","background-type":"","background-media":"","overlay-type":"","overlay-color":"","overlay-opacity":"","overlay-gradient":""},"tablet":{"background-color":"var(--ast-global-color-5)","background-image":"","background-repeat":"repeat","background-position":"center center","background-size":"auto","background-attachment":"scroll","background-type":"","background-media":"","overlay-type":"","overlay-color":"","overlay-opacity":"","overlay-gradient":""},"mobile":{"background-color":"var(--ast-global-color-5)","background-image":"","background-repeat":"repeat","background-position":"center center","background-size":"auto","background-attachment":"scroll","background-type":"","background-media":"","overlay-type":"","overlay-color":"","overlay-opacity":"","overlay-gradient":""}},"footnotes":""},"class_list":["post-1367","page","type-page","status-publish","hentry"],"acf":[],"yoast_head":"<!-- This site is optimized with the Yoast SEO Premium plugin v23.4 (Yoast SEO v26.5) - https:\/\/yoast.com\/wordpress\/plugins\/seo\/ -->\n<title>Pr\u00f3ba h\u00edrlev\u00e9l - Europematch<\/title>\n<meta name=\"robots\" content=\"index, follow, max-snippet:-1, max-image-preview:large, max-video-preview:-1\" \/>\n<link rel=\"canonical\" href=\"https:\/\/europematch.eu\/en\/proba-hirlevel\/\" \/>\n<meta property=\"og:locale\" content=\"en_GB\" \/>\n<meta property=\"og:type\" content=\"article\" \/>\n<meta property=\"og:title\" content=\"Pr\u00f3ba h\u00edrlev\u00e9l\" \/>\n<meta property=\"og:url\" content=\"https:\/\/europematch.eu\/en\/proba-hirlevel\/\" \/>\n<meta property=\"og:site_name\" content=\"Europematch\" \/>\n<meta property=\"article:publisher\" content=\"https:\/\/www.facebook.com\/europematch.eu\" \/>\n<meta property=\"article:modified_time\" content=\"2024-08-30T19:20:13+00:00\" \/>\n<meta property=\"og:image\" content=\"https:\/\/europematch.eu\/wp-content\/uploads\/2024\/09\/europematch-fcebook-image-001.jpg\" \/>\n\t<meta property=\"og:image:width\" content=\"1200\" \/>\n\t<meta property=\"og:image:height\" content=\"628\" \/>\n\t<meta property=\"og:image:type\" content=\"image\/jpeg\" \/>\n<meta name=\"twitter:card\" content=\"summary_large_image\" \/>\n<script type=\"application\/ld+json\" class=\"yoast-schema-graph\">{\"@context\":\"https:\/\/schema.org\",\"@graph\":[{\"@type\":\"WebPage\",\"@id\":\"https:\/\/europematch.eu\/proba-hirlevel\/\",\"url\":\"https:\/\/europematch.eu\/proba-hirlevel\/\",\"name\":\"Pr\u00f3ba h\u00edrlev\u00e9l - Europematch\",\"isPartOf\":{\"@id\":\"https:\/\/europematch.eu\/#website\"},\"datePublished\":\"2024-08-30T19:09:35+00:00\",\"dateModified\":\"2024-08-30T19:20:13+00:00\",\"breadcrumb\":{\"@id\":\"https:\/\/europematch.eu\/proba-hirlevel\/#breadcrumb\"},\"inLanguage\":\"en-GB\",\"potentialAction\":[{\"@type\":\"ReadAction\",\"target\":[\"https:\/\/europematch.eu\/proba-hirlevel\/\"]}]},{\"@type\":\"BreadcrumbList\",\"@id\":\"https:\/\/europematch.eu\/proba-hirlevel\/#breadcrumb\",\"itemListElement\":[{\"@type\":\"ListItem\",\"position\":1,\"name\":\"Kezd\u0151lap\",\"item\":\"https:\/\/europematch.eu\/\"},{\"@type\":\"ListItem\",\"position\":2,\"name\":\"Pr\u00f3ba h\u00edrlev\u00e9l\"}]},{\"@type\":\"WebSite\",\"@id\":\"https:\/\/europematch.eu\/#website\",\"url\":\"https:\/\/europematch.eu\/\",\"name\":\"Europematch\",\"description\":\"Gyufagy\u00e1r Szeged\",\"publisher\":{\"@id\":\"https:\/\/europematch.eu\/#organization\"},\"potentialAction\":[{\"@type\":\"SearchAction\",\"target\":{\"@type\":\"EntryPoint\",\"urlTemplate\":\"https:\/\/europematch.eu\/?s={search_term_string}\"},\"query-input\":{\"@type\":\"PropertyValueSpecification\",\"valueRequired\":true,\"valueName\":\"search_term_string\"}}],\"inLanguage\":\"en-GB\"},{\"@type\":\"Organization\",\"@id\":\"https:\/\/europematch.eu\/#organization\",\"name\":\"Europematch GmbH\",\"url\":\"https:\/\/europematch.eu\/\",\"logo\":{\"@type\":\"ImageObject\",\"inLanguage\":\"en-GB\",\"@id\":\"https:\/\/europematch.eu\/#\/schema\/logo\/image\/\",\"url\":\"https:\/\/europematch.eu\/wp-content\/uploads\/2024\/07\/europematch-logo-2024-v1.svg\",\"contentUrl\":\"https:\/\/europematch.eu\/wp-content\/uploads\/2024\/07\/europematch-logo-2024-v1.svg\",\"width\":371,\"height\":147,\"caption\":\"Europematch GmbH\"},\"image\":{\"@id\":\"https:\/\/europematch.eu\/#\/schema\/logo\/image\/\"},\"sameAs\":[\"https:\/\/www.facebook.com\/europematch.eu\",\"https:\/\/www.instagram.com\/europematch.eu\"]}]}<\/script>\n<!-- \/ Yoast SEO Premium plugin. -->","yoast_head_json":{"title":"Pr\u00f3ba h\u00edrlev\u00e9l - Europematch","robots":{"index":"index","follow":"follow","max-snippet":"max-snippet:-1","max-image-preview":"max-image-preview:large","max-video-preview":"max-video-preview:-1"},"canonical":"https:\/\/europematch.eu\/en\/proba-hirlevel\/","og_locale":"en_GB","og_type":"article","og_title":"Pr\u00f3ba h\u00edrlev\u00e9l","og_url":"https:\/\/europematch.eu\/en\/proba-hirlevel\/","og_site_name":"Europematch","article_publisher":"https:\/\/www.facebook.com\/europematch.eu","article_modified_time":"2024-08-30T19:20:13+00:00","og_image":[{"width":1200,"height":628,"url":"https:\/\/europematch.eu\/wp-content\/uploads\/2024\/09\/europematch-fcebook-image-001.jpg","type":"image\/jpeg"}],"twitter_card":"summary_large_image","schema":{"@context":"https:\/\/schema.org","@graph":[{"@type":"WebPage","@id":"https:\/\/europematch.eu\/proba-hirlevel\/","url":"https:\/\/europematch.eu\/proba-hirlevel\/","name":"Pr\u00f3ba h\u00edrlev\u00e9l - Europematch","isPartOf":{"@id":"https:\/\/europematch.eu\/#website"},"datePublished":"2024-08-30T19:09:35+00:00","dateModified":"2024-08-30T19:20:13+00:00","breadcrumb":{"@id":"https:\/\/europematch.eu\/proba-hirlevel\/#breadcrumb"},"inLanguage":"en-GB","potentialAction":[{"@type":"ReadAction","target":["https:\/\/europematch.eu\/proba-hirlevel\/"]}]},{"@type":"BreadcrumbList","@id":"https:\/\/europematch.eu\/proba-hirlevel\/#breadcrumb","itemListElement":[{"@type":"ListItem","position":1,"name":"Kezd\u0151lap","item":"https:\/\/europematch.eu\/"},{"@type":"ListItem","position":2,"name":"Pr\u00f3ba h\u00edrlev\u00e9l"}]},{"@type":"WebSite","@id":"https:\/\/europematch.eu\/#website","url":"https:\/\/europematch.eu\/","name":"Europematch","description":"Gyufagy\u00e1r Szeged","publisher":{"@id":"https:\/\/europematch.eu\/#organization"},"potentialAction":[{"@type":"SearchAction","target":{"@type":"EntryPoint","urlTemplate":"https:\/\/europematch.eu\/?s={search_term_string}"},"query-input":{"@type":"PropertyValueSpecification","valueRequired":true,"valueName":"search_term_string"}}],"inLanguage":"en-GB"},{"@type":"Organization","@id":"https:\/\/europematch.eu\/#organization","name":"Europematch GmbH","url":"https:\/\/europematch.eu\/","logo":{"@type":"ImageObject","inLanguage":"en-GB","@id":"https:\/\/europematch.eu\/#\/schema\/logo\/image\/","url":"https:\/\/europematch.eu\/wp-content\/uploads\/2024\/07\/europematch-logo-2024-v1.svg","contentUrl":"https:\/\/europematch.eu\/wp-content\/uploads\/2024\/07\/europematch-logo-2024-v1.svg","width":371,"height":147,"caption":"Europematch GmbH"},"image":{"@id":"https:\/\/europematch.eu\/#\/schema\/logo\/image\/"},"sameAs":["https:\/\/www.facebook.com\/europematch.eu","https:\/\/www.instagram.com\/europematch.eu"]}]}},"_links":{"self":[{"href":"https:\/\/europematch.eu\/en\/wp-json\/wp\/v2\/pages\/1367","targetHints":{"allow":["GET"]}}],"collection":[{"href":"https:\/\/europematch.eu\/en\/wp-json\/wp\/v2\/pages"}],"about":[{"href":"https:\/\/europematch.eu\/en\/wp-json\/wp\/v2\/types\/page"}],"author":[{"embeddable":true,"href":"https:\/\/europematch.eu\/en\/wp-json\/wp\/v2\/users\/1"}],"replies":[{"embeddable":true,"href":"https:\/\/europematch.eu\/en\/wp-json\/wp\/v2\/comments?post=1367"}],"version-history":[{"count":7,"href":"https:\/\/europematch.eu\/en\/wp-json\/wp\/v2\/pages\/1367\/revisions"}],"predecessor-version":[{"id":1375,"href":"https:\/\/europematch.eu\/en\/wp-json\/wp\/v2\/pages\/1367\/revisions\/1375"}],"wp:attachment":[{"href":"https:\/\/europematch.eu\/en\/wp-json\/wp\/v2\/media?parent=1367"}],"curies":[{"name":"wp","href":"https:\/\/api.w.org\/{rel}","templated":true}]}}