{"id":1951,"date":"2025-01-15T12:58:01","date_gmt":"2025-01-15T11:58:01","guid":{"rendered":"https:\/\/europematch.eu\/kosar\/"},"modified":"2025-02-13T13:13:17","modified_gmt":"2025-02-13T12:13:17","slug":"kosar","status":"publish","type":"page","link":"https:\/\/europematch.eu\/de\/kosar\/","title":{"rendered":"Kos\u00e1r"},"content":{"rendered":"<div data-elementor-type=\"wp-page\" data-elementor-id=\"1951\" class=\"elementor elementor-1951\" data-elementor-post-type=\"page\">\n\t\t\t\t<div class=\"elementor-element elementor-element-a8a4196 e-flex e-con-boxed e-con e-parent\" data-id=\"a8a4196\" data-element_type=\"container\" data-e-type=\"container\">\n\t\t\t\t\t<div class=\"e-con-inner\">\n\t\t<div class=\"elementor-element elementor-element-85bcdd5 e-con-full e-flex e-con e-child\" data-id=\"85bcdd5\" data-element_type=\"container\" data-e-type=\"container\">\n\t\t\t\t<\/div>\n\t\t<div class=\"elementor-element elementor-element-7829c2a e-con-full e-flex e-con e-child\" data-id=\"7829c2a\" data-element_type=\"container\" data-e-type=\"container\">\n\t\t\t\t<div class=\"elementor-element elementor-element-88a9ac5 elementor-widget elementor-widget-text-editor\" data-id=\"88a9ac5\" data-element_type=\"widget\" data-e-type=\"widget\" data-widget_type=\"text-editor.default\">\n\t\t\t\t<div class=\"elementor-widget-container\">\n\t\t\t\t\t\t\t\t\t<p style=\"text-align: center;\">Willkommen bei Europe Match, dem einzigen Hersteller von Werbez\u00fcndh\u00f6lzern in Europa! Unser Unternehmen ist seit dem 19. Jahrhundert in Europa f\u00fchrend in der Herstellung von Streichh\u00f6lzern. Im Gegensatz zu einem herk\u00f6mmlichen Webshop k\u00f6nnen Sie auf dieser Website ein unverbindliches Angebot f\u00fcr die von uns angebotenen Produkte anfordern, nachdem Sie mit unseren Kollegen alle Einzelheiten zu Preis, Menge und Gestaltung vereinbart haben.<\/p>\n<p style=\"text-align: center;\">Bitte w\u00e4hlen Sie die gew\u00fcnschten Streichh\u00f6lzer und die Menge aus und klicken Sie auf \u201eAngebot anfordern\u201c. Unsere Kollegen werden sich schnellstm\u00f6glich mit Ihnen in Verbindung setzen.<\/p>\n<p style=\"text-align: center;\">Ihre Anfrage wird in unserem System gespeichert und Sie werden in K\u00fcrze kontaktiert.<\/p>\t\t\t\t\t\t\t\t<\/div>\n\t\t\t\t<\/div>\n\t\t\t\t<\/div>\n\t\t<div class=\"elementor-element elementor-element-97c2fcd e-con-full e-flex e-con e-child\" data-id=\"97c2fcd\" data-element_type=\"container\" data-e-type=\"container\">\n\t\t\t\t<\/div>\n\t\t\t\t\t<\/div>\n\t\t\t\t<\/div>\n\t\t<div class=\"elementor-element elementor-element-3ddec297 e-flex e-con-boxed e-con e-parent\" data-id=\"3ddec297\" data-element_type=\"container\" data-e-type=\"container\">\n\t\t\t\t\t<div class=\"e-con-inner\">\n\t\t\t\t<div class=\"elementor-element elementor-element-2f846a20 elementor-widget elementor-widget-text-editor\" data-id=\"2f846a20\" data-element_type=\"widget\" data-e-type=\"widget\" data-widget_type=\"text-editor.default\">\n\t\t\t\t<div class=\"elementor-widget-container\">\n\t\t\t\t\t\t\t\t\t\t\t\t\t\t\t\t\t<\/div>\n\t\t\t\t<\/div>\n\t\t\t\t\t<\/div>\n\t\t\t\t<\/div>\n\t\t\t\t<\/div>","protected":false},"excerpt":{"rendered":"<p>Willkommen bei Europe Match, dem einzigen Hersteller von Werbez\u00fcndh\u00f6lzern in Europa! Unser Unternehmen ist seit dem 19. Jahrhundert in Europa [&hellip;]<\/p>","protected":false},"author":1,"featured_media":0,"parent":0,"menu_order":0,"comment_status":"closed","ping_status":"closed","template":"","meta":{"_acf_changed":false,"site-sidebar-layout":"default","site-content-layout":"","ast-site-content-layout":"default","site-content-style":"default","site-sidebar-style":"default","ast-global-header-display":"","ast-banner-title-visibility":"","ast-main-header-display":"","ast-hfb-above-header-display":"","ast-hfb-below-header-display":"","ast-hfb-mobile-header-display":"","site-post-title":"","ast-breadcrumbs-content":"","ast-featured-img":"","footer-sml-layout":"","theme-transparent-header-meta":"","adv-header-id-meta":"","stick-header-meta":"","header-above-stick-meta":"","header-main-stick-meta":"","header-below-stick-meta":"","astra-migrate-meta-layouts":"default","ast-page-background-enabled":"default","ast-page-background-meta":{"desktop":{"background-color":"var(--ast-global-color-4)","background-image":"","background-repeat":"repeat","background-position":"center center","background-size":"auto","background-attachment":"scroll","background-type":"","background-media":"","overlay-type":"","overlay-color":"","overlay-opacity":"","overlay-gradient":""},"tablet":{"background-color":"","background-image":"","background-repeat":"repeat","background-position":"center center","background-size":"auto","background-attachment":"scroll","background-type":"","background-media":"","overlay-type":"","overlay-color":"","overlay-opacity":"","overlay-gradient":""},"mobile":{"background-color":"","background-image":"","background-repeat":"repeat","background-position":"center center","background-size":"auto","background-attachment":"scroll","background-type":"","background-media":"","overlay-type":"","overlay-color":"","overlay-opacity":"","overlay-gradient":""}},"ast-content-background-meta":{"desktop":{"background-color":"var(--ast-global-color-5)","background-image":"","background-repeat":"repeat","background-position":"center center","background-size":"auto","background-attachment":"scroll","background-type":"","background-media":"","overlay-type":"","overlay-color":"","overlay-opacity":"","overlay-gradient":""},"tablet":{"background-color":"var(--ast-global-color-5)","background-image":"","background-repeat":"repeat","background-position":"center center","background-size":"auto","background-attachment":"scroll","background-type":"","background-media":"","overlay-type":"","overlay-color":"","overlay-opacity":"","overlay-gradient":""},"mobile":{"background-color":"var(--ast-global-color-5)","background-image":"","background-repeat":"repeat","background-position":"center center","background-size":"auto","background-attachment":"scroll","background-type":"","background-media":"","overlay-type":"","overlay-color":"","overlay-opacity":"","overlay-gradient":""}},"footnotes":""},"class_list":["post-1951","page","type-page","status-publish","hentry"],"acf":[],"yoast_head":"<!-- This site is optimized with the Yoast SEO Premium plugin v23.4 (Yoast SEO v26.5) - https:\/\/yoast.com\/wordpress\/plugins\/seo\/ -->\n<title>Kos\u00e1r - Europematch<\/title>\n<meta name=\"robots\" content=\"index, follow, max-snippet:-1, max-image-preview:large, max-video-preview:-1\" \/>\n<link rel=\"canonical\" href=\"https:\/\/europematch.eu\/de\/kosar\/\" \/>\n<meta property=\"og:locale\" content=\"de_DE\" \/>\n<meta property=\"og:type\" content=\"article\" \/>\n<meta property=\"og:title\" content=\"Kos\u00e1r\" \/>\n<meta property=\"og:description\" content=\"Willkommen bei Europe Match, dem einzigen Hersteller von Werbez\u00fcndh\u00f6lzern in Europa! Unser Unternehmen ist seit dem 19. Jahrhundert in Europa [&hellip;]\" \/>\n<meta property=\"og:url\" content=\"https:\/\/europematch.eu\/de\/kosar\/\" \/>\n<meta property=\"og:site_name\" content=\"Europematch\" \/>\n<meta property=\"article:publisher\" content=\"https:\/\/www.facebook.com\/europematch.eu\" \/>\n<meta property=\"article:modified_time\" content=\"2025-02-13T12:13:17+00:00\" \/>\n<meta property=\"og:image\" content=\"https:\/\/europematch.eu\/wp-content\/uploads\/2024\/09\/europematch-fcebook-image-001.jpg\" \/>\n\t<meta property=\"og:image:width\" content=\"1200\" \/>\n\t<meta property=\"og:image:height\" content=\"628\" \/>\n\t<meta property=\"og:image:type\" content=\"image\/jpeg\" \/>\n<meta name=\"twitter:card\" content=\"summary_large_image\" \/>\n<meta name=\"twitter:label1\" content=\"Gesch\u00e4tzte Lesezeit\" \/>\n\t<meta name=\"twitter:data1\" content=\"2\u00a0Minuten\" \/>\n<script type=\"application\/ld+json\" class=\"yoast-schema-graph\">{\"@context\":\"https:\/\/schema.org\",\"@graph\":[{\"@type\":\"WebPage\",\"@id\":\"https:\/\/europematch.eu\/kosar\/\",\"url\":\"https:\/\/europematch.eu\/kosar\/\",\"name\":\"Kos\u00e1r - Europematch\",\"isPartOf\":{\"@id\":\"https:\/\/europematch.eu\/#website\"},\"datePublished\":\"2025-01-15T11:58:01+00:00\",\"dateModified\":\"2025-02-13T12:13:17+00:00\",\"breadcrumb\":{\"@id\":\"https:\/\/europematch.eu\/kosar\/#breadcrumb\"},\"inLanguage\":\"de\",\"potentialAction\":[{\"@type\":\"ReadAction\",\"target\":[\"https:\/\/europematch.eu\/kosar\/\"]}]},{\"@type\":\"BreadcrumbList\",\"@id\":\"https:\/\/europematch.eu\/kosar\/#breadcrumb\",\"itemListElement\":[{\"@type\":\"ListItem\",\"position\":1,\"name\":\"Kezd\u0151lap\",\"item\":\"https:\/\/europematch.eu\/\"},{\"@type\":\"ListItem\",\"position\":2,\"name\":\"Kos\u00e1r\"}]},{\"@type\":\"WebSite\",\"@id\":\"https:\/\/europematch.eu\/#website\",\"url\":\"https:\/\/europematch.eu\/\",\"name\":\"Europematch\",\"description\":\"Gyufagy\u00e1r Szeged\",\"publisher\":{\"@id\":\"https:\/\/europematch.eu\/#organization\"},\"potentialAction\":[{\"@type\":\"SearchAction\",\"target\":{\"@type\":\"EntryPoint\",\"urlTemplate\":\"https:\/\/europematch.eu\/?s={search_term_string}\"},\"query-input\":{\"@type\":\"PropertyValueSpecification\",\"valueRequired\":true,\"valueName\":\"search_term_string\"}}],\"inLanguage\":\"de\"},{\"@type\":\"Organization\",\"@id\":\"https:\/\/europematch.eu\/#organization\",\"name\":\"Europematch GmbH\",\"url\":\"https:\/\/europematch.eu\/\",\"logo\":{\"@type\":\"ImageObject\",\"inLanguage\":\"de\",\"@id\":\"https:\/\/europematch.eu\/#\/schema\/logo\/image\/\",\"url\":\"https:\/\/europematch.eu\/wp-content\/uploads\/2024\/07\/europematch-logo-2024-v1.svg\",\"contentUrl\":\"https:\/\/europematch.eu\/wp-content\/uploads\/2024\/07\/europematch-logo-2024-v1.svg\",\"width\":371,\"height\":147,\"caption\":\"Europematch GmbH\"},\"image\":{\"@id\":\"https:\/\/europematch.eu\/#\/schema\/logo\/image\/\"},\"sameAs\":[\"https:\/\/www.facebook.com\/europematch.eu\",\"https:\/\/www.instagram.com\/europematch.eu\"]}]}<\/script>\n<!-- \/ Yoast SEO Premium plugin. -->","yoast_head_json":{"title":"Kos\u00e1r - Europematch","robots":{"index":"index","follow":"follow","max-snippet":"max-snippet:-1","max-image-preview":"max-image-preview:large","max-video-preview":"max-video-preview:-1"},"canonical":"https:\/\/europematch.eu\/de\/kosar\/","og_locale":"de_DE","og_type":"article","og_title":"Kos\u00e1r","og_description":"Willkommen bei Europe Match, dem einzigen Hersteller von Werbez\u00fcndh\u00f6lzern in Europa! Unser Unternehmen ist seit dem 19. Jahrhundert in Europa [&hellip;]","og_url":"https:\/\/europematch.eu\/de\/kosar\/","og_site_name":"Europematch","article_publisher":"https:\/\/www.facebook.com\/europematch.eu","article_modified_time":"2025-02-13T12:13:17+00:00","og_image":[{"width":1200,"height":628,"url":"https:\/\/europematch.eu\/wp-content\/uploads\/2024\/09\/europematch-fcebook-image-001.jpg","type":"image\/jpeg"}],"twitter_card":"summary_large_image","twitter_misc":{"Gesch\u00e4tzte Lesezeit":"2\u00a0Minuten"},"schema":{"@context":"https:\/\/schema.org","@graph":[{"@type":"WebPage","@id":"https:\/\/europematch.eu\/kosar\/","url":"https:\/\/europematch.eu\/kosar\/","name":"Kos\u00e1r - Europematch","isPartOf":{"@id":"https:\/\/europematch.eu\/#website"},"datePublished":"2025-01-15T11:58:01+00:00","dateModified":"2025-02-13T12:13:17+00:00","breadcrumb":{"@id":"https:\/\/europematch.eu\/kosar\/#breadcrumb"},"inLanguage":"de","potentialAction":[{"@type":"ReadAction","target":["https:\/\/europematch.eu\/kosar\/"]}]},{"@type":"BreadcrumbList","@id":"https:\/\/europematch.eu\/kosar\/#breadcrumb","itemListElement":[{"@type":"ListItem","position":1,"name":"Kezd\u0151lap","item":"https:\/\/europematch.eu\/"},{"@type":"ListItem","position":2,"name":"Kos\u00e1r"}]},{"@type":"WebSite","@id":"https:\/\/europematch.eu\/#website","url":"https:\/\/europematch.eu\/","name":"Europematch","description":"Gyufagy\u00e1r Szeged","publisher":{"@id":"https:\/\/europematch.eu\/#organization"},"potentialAction":[{"@type":"SearchAction","target":{"@type":"EntryPoint","urlTemplate":"https:\/\/europematch.eu\/?s={search_term_string}"},"query-input":{"@type":"PropertyValueSpecification","valueRequired":true,"valueName":"search_term_string"}}],"inLanguage":"de"},{"@type":"Organization","@id":"https:\/\/europematch.eu\/#organization","name":"Europematch GmbH","url":"https:\/\/europematch.eu\/","logo":{"@type":"ImageObject","inLanguage":"de","@id":"https:\/\/europematch.eu\/#\/schema\/logo\/image\/","url":"https:\/\/europematch.eu\/wp-content\/uploads\/2024\/07\/europematch-logo-2024-v1.svg","contentUrl":"https:\/\/europematch.eu\/wp-content\/uploads\/2024\/07\/europematch-logo-2024-v1.svg","width":371,"height":147,"caption":"Europematch GmbH"},"image":{"@id":"https:\/\/europematch.eu\/#\/schema\/logo\/image\/"},"sameAs":["https:\/\/www.facebook.com\/europematch.eu","https:\/\/www.instagram.com\/europematch.eu"]}]}},"_links":{"self":[{"href":"https:\/\/europematch.eu\/de\/wp-json\/wp\/v2\/pages\/1951","targetHints":{"allow":["GET"]}}],"collection":[{"href":"https:\/\/europematch.eu\/de\/wp-json\/wp\/v2\/pages"}],"about":[{"href":"https:\/\/europematch.eu\/de\/wp-json\/wp\/v2\/types\/page"}],"author":[{"embeddable":true,"href":"https:\/\/europematch.eu\/de\/wp-json\/wp\/v2\/users\/1"}],"replies":[{"embeddable":true,"href":"https:\/\/europematch.eu\/de\/wp-json\/wp\/v2\/comments?post=1951"}],"version-history":[{"count":6,"href":"https:\/\/europematch.eu\/de\/wp-json\/wp\/v2\/pages\/1951\/revisions"}],"predecessor-version":[{"id":2252,"href":"https:\/\/europematch.eu\/de\/wp-json\/wp\/v2\/pages\/1951\/revisions\/2252"}],"wp:attachment":[{"href":"https:\/\/europematch.eu\/de\/wp-json\/wp\/v2\/media?parent=1951"}],"curies":[{"name":"wp","href":"https:\/\/api.w.org\/{rel}","templated":true}]}}