{"id":1155,"date":"2024-08-24T13:47:56","date_gmt":"2024-08-24T11:47:56","guid":{"rendered":"https:\/\/europematch.eu\/?page_id=1155"},"modified":"2024-09-03T14:01:51","modified_gmt":"2024-09-03T12:01:51","slug":"hosszu-gyufa-bx12","status":"publish","type":"page","link":"https:\/\/europematch.eu\/de\/hosszu-gyufa-bx12\/","title":{"rendered":"Hossz\u00fa gyufa &#8211; BX12"},"content":{"rendered":"<div data-elementor-type=\"wp-page\" data-elementor-id=\"1155\" class=\"elementor elementor-1155\" data-elementor-post-type=\"page\">\n\t\t\t\t<div class=\"elementor-element elementor-element-7450145a e-flex e-con-boxed e-con e-parent\" data-id=\"7450145a\" data-element_type=\"container\" data-e-type=\"container\">\n\t\t\t\t\t<div class=\"e-con-inner\">\n\t\t<div class=\"elementor-element elementor-element-725b0e78 e-con-full e-flex e-con e-child\" data-id=\"725b0e78\" data-element_type=\"container\" data-e-type=\"container\">\n\t\t\t\t<\/div>\n\t\t<div class=\"elementor-element elementor-element-55b991f2 e-con-full e-flex e-con e-child\" data-id=\"55b991f2\" data-element_type=\"container\" data-e-type=\"container\" data-settings=\"{&quot;background_background&quot;:&quot;classic&quot;}\">\n\t\t\t\t<div class=\"elementor-element elementor-element-515cc395 elementor-widget elementor-widget-heading\" data-id=\"515cc395\" data-element_type=\"widget\" data-e-type=\"widget\" data-widget_type=\"heading.default\">\n\t\t\t\t<div class=\"elementor-widget-container\">\n\t\t\t\t\t<h3 class=\"elementor-heading-title elementor-size-default\">Lange Streichh\u00f6lzer<\/h3>\t\t\t\t<\/div>\n\t\t\t\t<\/div>\n\t\t\t\t<div class=\"elementor-element elementor-element-124e72fa elementor-widget elementor-widget-heading\" data-id=\"124e72fa\" data-element_type=\"widget\" data-e-type=\"widget\" data-widget_type=\"heading.default\">\n\t\t\t\t<div class=\"elementor-widget-container\">\n\t\t\t\t\t<h1 class=\"elementor-heading-title elementor-size-default\">BX12<\/h1>\t\t\t\t<\/div>\n\t\t\t\t<\/div>\n\t\t\t\t<\/div>\n\t\t<div class=\"elementor-element elementor-element-47825e5 e-con-full e-flex e-con e-child\" data-id=\"47825e5\" data-element_type=\"container\" data-e-type=\"container\">\n\t\t\t\t<\/div>\n\t\t\t\t\t<\/div>\n\t\t\t\t<\/div>\n\t\t<div class=\"elementor-element elementor-element-6e7b075c e-flex e-con-boxed e-con e-parent\" data-id=\"6e7b075c\" data-element_type=\"container\" data-e-type=\"container\" data-settings=\"{&quot;background_background&quot;:&quot;classic&quot;}\">\n\t\t\t\t\t<div class=\"e-con-inner\">\n\t\t<div class=\"elementor-element elementor-element-6783ce72 e-con-full e-flex e-con e-child\" data-id=\"6783ce72\" data-element_type=\"container\" data-e-type=\"container\" data-settings=\"{&quot;background_background&quot;:&quot;classic&quot;}\">\n\t\t\t\t<div class=\"elementor-element elementor-element-59fafbdd elementor-widget elementor-widget-image\" data-id=\"59fafbdd\" data-element_type=\"widget\" data-e-type=\"widget\" data-widget_type=\"image.default\">\n\t\t\t\t<div class=\"elementor-widget-container\">\n\t\t\t\t\t\t\t\t\t\t\t\t\t\t\t<img fetchpriority=\"high\" decoding=\"async\" width=\"600\" height=\"600\" src=\"https:\/\/europematch.eu\/wp-content\/uploads\/2024\/07\/BX12.webp\" class=\"attachment-large size-large wp-image-343\" alt=\"BX12\" srcset=\"https:\/\/europematch.eu\/wp-content\/uploads\/2024\/07\/BX12.webp 600w, https:\/\/europematch.eu\/wp-content\/uploads\/2024\/07\/BX12-263x263.webp 263w, https:\/\/europematch.eu\/wp-content\/uploads\/2024\/07\/BX12-100x100.webp 100w, https:\/\/europematch.eu\/wp-content\/uploads\/2024\/07\/BX12-150x150.webp 150w\" sizes=\"(max-width: 600px) 100vw, 600px\" \/>\t\t\t\t\t\t\t\t\t\t\t\t\t\t\t<\/div>\n\t\t\t\t<\/div>\n\t\t\t\t<\/div>\n\t\t<div class=\"elementor-element elementor-element-99a6ab5 e-con-full e-flex e-con e-child\" data-id=\"99a6ab5\" data-element_type=\"container\" data-e-type=\"container\" data-settings=\"{&quot;background_background&quot;:&quot;classic&quot;}\">\n\t\t\t\t<div class=\"elementor-element elementor-element-47058044 elementor-widget elementor-widget-heading\" data-id=\"47058044\" data-element_type=\"widget\" data-e-type=\"widget\" data-widget_type=\"heading.default\">\n\t\t\t\t<div class=\"elementor-widget-container\">\n\t\t\t\t\t<h4 class=\"elementor-heading-title elementor-size-default\">Mehr Informationen<\/h4>\t\t\t\t<\/div>\n\t\t\t\t<\/div>\n\t\t\t\t<div class=\"elementor-element elementor-element-f932022 elementor-widget elementor-widget-heading\" data-id=\"f932022\" data-element_type=\"widget\" data-e-type=\"widget\" data-widget_type=\"heading.default\">\n\t\t\t\t<div class=\"elementor-widget-container\">\n\t\t\t\t\t<h4 class=\"elementor-heading-title elementor-size-default\">Gestaltungshilfen<\/h4>\t\t\t\t<\/div>\n\t\t\t\t<\/div>\n\t\t\t\t<div class=\"elementor-element elementor-element-2ff59677 elementor-widget elementor-widget-text-editor\" data-id=\"2ff59677\" data-element_type=\"widget\" data-e-type=\"widget\" data-widget_type=\"text-editor.default\">\n\t\t\t\t<div class=\"elementor-widget-container\">\n\t\t\t\t\t\t\t\t\t<p><span style=\"font-weight: 400;\">Vorlagen und Leitf\u00e4den, die Ihnen bei der Gestaltung Ihrer Spiele helfen.\u00a0<br \/><\/span><\/p>\t\t\t\t\t\t\t\t<\/div>\n\t\t\t\t<\/div>\n\t\t\t\t<div class=\"elementor-element elementor-element-5d72fb04 elementor-align-left elementor-widget elementor-widget-button\" data-id=\"5d72fb04\" data-element_type=\"widget\" data-e-type=\"widget\" data-widget_type=\"button.default\">\n\t\t\t\t<div class=\"elementor-widget-container\">\n\t\t\t\t\t\t\t\t\t<div class=\"elementor-button-wrapper\">\n\t\t\t\t\t<a class=\"elementor-button elementor-button-link elementor-size-sm\" href=\"https:\/\/europematch.eu\/template\/BX12.rar\">\n\t\t\t\t\t\t<span class=\"elementor-button-content-wrapper\">\n\t\t\t\t\t\t\t\t\t<span class=\"elementor-button-text\">Vorlage downloaden<\/span>\n\t\t\t\t\t<\/span>\n\t\t\t\t\t<\/a>\n\t\t\t\t<\/div>\n\t\t\t\t\t\t\t\t<\/div>\n\t\t\t\t<\/div>\n\t\t\t\t<\/div>\n\t\t\t\t\t<\/div>\n\t\t\t\t<\/div>\n\t\t<div class=\"elementor-element elementor-element-3e72697f e-flex e-con-boxed e-con e-parent\" data-id=\"3e72697f\" data-element_type=\"container\" data-e-type=\"container\" data-settings=\"{&quot;background_background&quot;:&quot;classic&quot;}\">\n\t\t\t\t\t<div class=\"e-con-inner\">\n\t\t<div class=\"elementor-element elementor-element-4af130b2 e-con-full e-flex e-con e-child\" data-id=\"4af130b2\" data-element_type=\"container\" data-e-type=\"container\">\n\t\t\t\t<div class=\"elementor-element elementor-element-16fd2c7 elementor-widget elementor-widget-image\" data-id=\"16fd2c7\" data-element_type=\"widget\" data-e-type=\"widget\" data-widget_type=\"image.default\">\n\t\t\t\t<div class=\"elementor-widget-container\">\n\t\t\t\t\t\t\t\t\t\t\t\t\t\t\t<img decoding=\"async\" width=\"47\" height=\"55\" src=\"https:\/\/europematch.eu\/wp-content\/uploads\/2024\/07\/europe-match-fire-001.webp\" class=\"attachment-large size-large wp-image-522\" alt=\"europe match fire 001\" \/>\t\t\t\t\t\t\t\t\t\t\t\t\t\t\t<\/div>\n\t\t\t\t<\/div>\n\t\t\t\t<\/div>\n\t\t\t\t\t<\/div>\n\t\t\t\t<\/div>\n\t\t<div class=\"elementor-element elementor-element-a6964f6 e-con-full e-flex e-con e-parent\" data-id=\"a6964f6\" data-element_type=\"container\" data-e-type=\"container\" data-settings=\"{&quot;background_background&quot;:&quot;classic&quot;}\">\n\t\t\t\t<div class=\"elementor-element elementor-element-6e6b2cca elementor-widget elementor-widget-heading\" data-id=\"6e6b2cca\" data-element_type=\"widget\" data-e-type=\"widget\" data-widget_type=\"heading.default\">\n\t\t\t\t<div class=\"elementor-widget-container\">\n\t\t\t\t\t<h3 class=\"elementor-heading-title elementor-size-default\">GALERIE<\/h3>\t\t\t\t<\/div>\n\t\t\t\t<\/div>\n\t\t\t\t<\/div>\n\t\t<div class=\"elementor-element elementor-element-42ebd83d e-con-full e-flex e-con e-parent\" data-id=\"42ebd83d\" data-element_type=\"container\" data-e-type=\"container\" data-settings=\"{&quot;background_background&quot;:&quot;classic&quot;}\">\n\t\t\t\t<\/div>\n\t\t<div class=\"elementor-element elementor-element-c18d2db e-flex e-con-boxed e-con e-parent\" data-id=\"c18d2db\" data-element_type=\"container\" data-e-type=\"container\" data-settings=\"{&quot;background_background&quot;:&quot;classic&quot;}\">\n\t\t\t\t\t<div class=\"e-con-inner\">\n\t\t<div class=\"elementor-element elementor-element-7b5c40b7 e-con-full e-flex e-con e-child\" data-id=\"7b5c40b7\" data-element_type=\"container\" data-e-type=\"container\">\n\t\t\t\t<div class=\"elementor-element elementor-element-709d0335 elementor-widget elementor-widget-image\" data-id=\"709d0335\" data-element_type=\"widget\" data-e-type=\"widget\" data-widget_type=\"image.default\">\n\t\t\t\t<div class=\"elementor-widget-container\">\n\t\t\t\t\t\t\t\t\t\t\t\t\t\t\t<img decoding=\"async\" width=\"47\" height=\"55\" src=\"https:\/\/europematch.eu\/wp-content\/uploads\/2024\/07\/europe-match-fire-001.webp\" class=\"attachment-large size-large wp-image-522\" alt=\"europe match fire 001\" \/>\t\t\t\t\t\t\t\t\t\t\t\t\t\t\t<\/div>\n\t\t\t\t<\/div>\n\t\t\t\t<\/div>\n\t\t\t\t\t<\/div>\n\t\t\t\t<\/div>\n\t\t<div class=\"elementor-element elementor-element-234bf419 e-flex e-con-boxed e-con e-parent\" data-id=\"234bf419\" data-element_type=\"container\" data-e-type=\"container\" data-settings=\"{&quot;background_background&quot;:&quot;gradient&quot;}\">\n\t\t\t\t\t<div class=\"e-con-inner\">\n\t\t<div class=\"elementor-element elementor-element-27cd5b6d e-con-full e-flex e-con e-child\" data-id=\"27cd5b6d\" data-element_type=\"container\" data-e-type=\"container\" data-settings=\"{&quot;background_background&quot;:&quot;classic&quot;}\">\n\t\t\t\t<div class=\"elementor-element elementor-element-70b01bbb elementor-widget elementor-widget-image\" data-id=\"70b01bbb\" data-element_type=\"widget\" data-e-type=\"widget\" data-widget_type=\"image.default\">\n\t\t\t\t<div class=\"elementor-widget-container\">\n\t\t\t\t\t\t\t\t\t\t\t\t\t\t\t<img decoding=\"async\" width=\"431\" height=\"450\" src=\"https:\/\/europematch.eu\/wp-content\/uploads\/2024\/08\/europematch-arajanlat-002.webp\" class=\"attachment-full size-full wp-image-904\" alt=\"europematch arajanlat 002\" \/>\t\t\t\t\t\t\t\t\t\t\t\t\t\t\t<\/div>\n\t\t\t\t<\/div>\n\t\t\t\t<\/div>\n\t\t<div class=\"elementor-element elementor-element-745ecf47 e-con-full e-flex e-con e-child\" data-id=\"745ecf47\" data-element_type=\"container\" data-e-type=\"container\" data-settings=\"{&quot;background_background&quot;:&quot;classic&quot;}\">\n\t\t<div class=\"elementor-element elementor-element-5ce29715 e-con-full e-flex e-con e-child\" data-id=\"5ce29715\" data-element_type=\"container\" data-e-type=\"container\">\n\t\t<div class=\"elementor-element elementor-element-45d76909 e-con-full e-flex e-con e-child\" data-id=\"45d76909\" data-element_type=\"container\" data-e-type=\"container\">\n\t\t\t\t<div class=\"elementor-element elementor-element-4cb105fa elementor-widget elementor-widget-image-box\" data-id=\"4cb105fa\" data-element_type=\"widget\" data-e-type=\"widget\" data-widget_type=\"image-box.default\">\n\t\t\t\t<div class=\"elementor-widget-container\">\n\t\t\t\t\t<div class=\"elementor-image-box-wrapper\"><div class=\"elementor-image-box-content\"><h2 class=\"elementor-image-box-title\">Angebot anfordern<\/h2><p class=\"elementor-image-box-description\">Sie k\u00f6nnen uns auch kontaktieren, indem Sie das Formular ausf\u00fcllen und ein Angebot anfordern. Unsere Mitarbeiter werden ihnen gerne weiterhelfen.<\/p><\/div><\/div>\t\t\t\t<\/div>\n\t\t\t\t<\/div>\n\t\t\t\t<div class=\"elementor-element elementor-element-7149a03f elementor-align-left elementor-widget elementor-widget-button\" data-id=\"7149a03f\" data-element_type=\"widget\" data-e-type=\"widget\" data-widget_type=\"button.default\">\n\t\t\t\t<div class=\"elementor-widget-container\">\n\t\t\t\t\t\t\t\t\t<div class=\"elementor-button-wrapper\">\n\t\t\t\t\t<a class=\"elementor-button elementor-button-link elementor-size-sm\" href=\"#elementor-action%3Aaction%3Dpopup%3Aopen%26settings%3DeyJpZCI6IjEzNDMiLCJ0b2dnbGUiOmZhbHNlfQ%3D%3D\">\n\t\t\t\t\t\t<span class=\"elementor-button-content-wrapper\">\n\t\t\t\t\t\t\t\t\t<span class=\"elementor-button-text\">Preisangebot<\/span>\n\t\t\t\t\t<\/span>\n\t\t\t\t\t<\/a>\n\t\t\t\t<\/div>\n\t\t\t\t\t\t\t\t<\/div>\n\t\t\t\t<\/div>\n\t\t\t\t<\/div>\n\t\t\t\t<\/div>\n\t\t\t\t<\/div>\n\t\t\t\t\t<\/div>\n\t\t\t\t<\/div>\n\t\t\t\t<\/div>","protected":false},"excerpt":{"rendered":"<p>Hossz\u00fa gyufa BX12 Term\u00e9kinform\u00e1ci\u00f3k tervez\u00e9si seg\u00e9dlet Gyuf\u00e1ink egyedi tervez\u00e9s\u00e9hez haszn\u00e1lhat\u00f3 sablonok \u00e9s seg\u00e9dletek.\u00a0 sablon let\u00f6lt\u00e9se GAL\u00c9RIA K\u00e9rjen \u00e1raj\u00e1nlatot Az \u0171rlap [&hellip;]<\/p>","protected":false},"author":1,"featured_media":0,"parent":0,"menu_order":0,"comment_status":"closed","ping_status":"closed","template":"","meta":{"_acf_changed":false,"site-sidebar-layout":"no-sidebar","site-content-layout":"","ast-site-content-layout":"full-width-container","site-content-style":"default","site-sidebar-style":"default","ast-global-header-display":"","ast-banner-title-visibility":"","ast-main-header-display":"","ast-hfb-above-header-display":"","ast-hfb-below-header-display":"","ast-hfb-mobile-header-display":"","site-post-title":"disabled","ast-breadcrumbs-content":"","ast-featured-img":"disabled","footer-sml-layout":"","theme-transparent-header-meta":"default","adv-header-id-meta":"","stick-header-meta":"","header-above-stick-meta":"","header-main-stick-meta":"","header-below-stick-meta":"","astra-migrate-meta-layouts":"set","ast-page-background-enabled":"default","ast-page-background-meta":{"desktop":{"background-color":"var(--ast-global-color-4)","background-image":"","background-repeat":"repeat","background-position":"center center","background-size":"auto","background-attachment":"scroll","background-type":"","background-media":"","overlay-type":"","overlay-color":"","overlay-opacity":"","overlay-gradient":""},"tablet":{"background-color":"","background-image":"","background-repeat":"repeat","background-position":"center center","background-size":"auto","background-attachment":"scroll","background-type":"","background-media":"","overlay-type":"","overlay-color":"","overlay-opacity":"","overlay-gradient":""},"mobile":{"background-color":"","background-image":"","background-repeat":"repeat","background-position":"center center","background-size":"auto","background-attachment":"scroll","background-type":"","background-media":"","overlay-type":"","overlay-color":"","overlay-opacity":"","overlay-gradient":""}},"ast-content-background-meta":{"desktop":{"background-color":"var(--ast-global-color-5)","background-image":"","background-repeat":"repeat","background-position":"center center","background-size":"auto","background-attachment":"scroll","background-type":"","background-media":"","overlay-type":"","overlay-color":"","overlay-opacity":"","overlay-gradient":""},"tablet":{"background-color":"var(--ast-global-color-5)","background-image":"","background-repeat":"repeat","background-position":"center center","background-size":"auto","background-attachment":"scroll","background-type":"","background-media":"","overlay-type":"","overlay-color":"","overlay-opacity":"","overlay-gradient":""},"mobile":{"background-color":"var(--ast-global-color-5)","background-image":"","background-repeat":"repeat","background-position":"center center","background-size":"auto","background-attachment":"scroll","background-type":"","background-media":"","overlay-type":"","overlay-color":"","overlay-opacity":"","overlay-gradient":""}},"footnotes":""},"class_list":["post-1155","page","type-page","status-publish","hentry"],"acf":[],"yoast_head":"<!-- This site is optimized with the Yoast SEO Premium plugin v23.4 (Yoast SEO v26.5) - https:\/\/yoast.com\/wordpress\/plugins\/seo\/ -->\n<title>Hossz\u00fa gyufa - BX12 - Europematch<\/title>\n<meta name=\"robots\" content=\"index, follow, max-snippet:-1, max-image-preview:large, max-video-preview:-1\" \/>\n<link rel=\"canonical\" href=\"https:\/\/europematch.eu\/de\/hosszu-gyufa-bx12\/\" \/>\n<meta property=\"og:locale\" content=\"de_DE\" \/>\n<meta property=\"og:type\" content=\"article\" \/>\n<meta property=\"og:title\" content=\"Hossz\u00fa gyufa - BX12\" \/>\n<meta property=\"og:description\" content=\"Hossz\u00fa gyufa BX12 Term\u00e9kinform\u00e1ci\u00f3k tervez\u00e9si seg\u00e9dlet Gyuf\u00e1ink egyedi tervez\u00e9s\u00e9hez haszn\u00e1lhat\u00f3 sablonok \u00e9s seg\u00e9dletek.\u00a0 sablon let\u00f6lt\u00e9se GAL\u00c9RIA K\u00e9rjen \u00e1raj\u00e1nlatot Az \u0171rlap [&hellip;]\" \/>\n<meta property=\"og:url\" content=\"https:\/\/europematch.eu\/de\/hosszu-gyufa-bx12\/\" \/>\n<meta property=\"og:site_name\" content=\"Europematch\" \/>\n<meta property=\"article:publisher\" content=\"https:\/\/www.facebook.com\/europematch.eu\" \/>\n<meta property=\"article:modified_time\" content=\"2024-09-03T12:01:51+00:00\" \/>\n<meta property=\"og:image\" content=\"https:\/\/europematch.eu\/wp-content\/uploads\/2024\/07\/BX12.webp\" \/>\n<meta name=\"twitter:card\" content=\"summary_large_image\" \/>\n<meta name=\"twitter:label1\" content=\"Gesch\u00e4tzte Lesezeit\" \/>\n\t<meta name=\"twitter:data1\" content=\"1\u00a0Minute\" \/>\n<script type=\"application\/ld+json\" class=\"yoast-schema-graph\">{\"@context\":\"https:\/\/schema.org\",\"@graph\":[{\"@type\":\"WebPage\",\"@id\":\"https:\/\/europematch.eu\/hosszu-gyufa-bx12\/\",\"url\":\"https:\/\/europematch.eu\/hosszu-gyufa-bx12\/\",\"name\":\"Hossz\u00fa gyufa - BX12 - Europematch\",\"isPartOf\":{\"@id\":\"https:\/\/europematch.eu\/#website\"},\"primaryImageOfPage\":{\"@id\":\"https:\/\/europematch.eu\/hosszu-gyufa-bx12\/#primaryimage\"},\"image\":{\"@id\":\"https:\/\/europematch.eu\/hosszu-gyufa-bx12\/#primaryimage\"},\"thumbnailUrl\":\"https:\/\/europematch.eu\/wp-content\/uploads\/2024\/07\/BX12.webp\",\"datePublished\":\"2024-08-24T11:47:56+00:00\",\"dateModified\":\"2024-09-03T12:01:51+00:00\",\"breadcrumb\":{\"@id\":\"https:\/\/europematch.eu\/hosszu-gyufa-bx12\/#breadcrumb\"},\"inLanguage\":\"de\",\"potentialAction\":[{\"@type\":\"ReadAction\",\"target\":[\"https:\/\/europematch.eu\/hosszu-gyufa-bx12\/\"]}]},{\"@type\":\"ImageObject\",\"inLanguage\":\"de\",\"@id\":\"https:\/\/europematch.eu\/hosszu-gyufa-bx12\/#primaryimage\",\"url\":\"https:\/\/europematch.eu\/wp-content\/uploads\/2024\/07\/BX12.webp\",\"contentUrl\":\"https:\/\/europematch.eu\/wp-content\/uploads\/2024\/07\/BX12.webp\"},{\"@type\":\"BreadcrumbList\",\"@id\":\"https:\/\/europematch.eu\/hosszu-gyufa-bx12\/#breadcrumb\",\"itemListElement\":[{\"@type\":\"ListItem\",\"position\":1,\"name\":\"Kezd\u0151lap\",\"item\":\"https:\/\/europematch.eu\/\"},{\"@type\":\"ListItem\",\"position\":2,\"name\":\"Hossz\u00fa gyufa &#8211; BX12\"}]},{\"@type\":\"WebSite\",\"@id\":\"https:\/\/europematch.eu\/#website\",\"url\":\"https:\/\/europematch.eu\/\",\"name\":\"Europematch\",\"description\":\"Gyufagy\u00e1r Szeged\",\"publisher\":{\"@id\":\"https:\/\/europematch.eu\/#organization\"},\"potentialAction\":[{\"@type\":\"SearchAction\",\"target\":{\"@type\":\"EntryPoint\",\"urlTemplate\":\"https:\/\/europematch.eu\/?s={search_term_string}\"},\"query-input\":{\"@type\":\"PropertyValueSpecification\",\"valueRequired\":true,\"valueName\":\"search_term_string\"}}],\"inLanguage\":\"de\"},{\"@type\":\"Organization\",\"@id\":\"https:\/\/europematch.eu\/#organization\",\"name\":\"Europematch GmbH\",\"url\":\"https:\/\/europematch.eu\/\",\"logo\":{\"@type\":\"ImageObject\",\"inLanguage\":\"de\",\"@id\":\"https:\/\/europematch.eu\/#\/schema\/logo\/image\/\",\"url\":\"https:\/\/europematch.eu\/wp-content\/uploads\/2024\/07\/europematch-logo-2024-v1.svg\",\"contentUrl\":\"https:\/\/europematch.eu\/wp-content\/uploads\/2024\/07\/europematch-logo-2024-v1.svg\",\"width\":371,\"height\":147,\"caption\":\"Europematch GmbH\"},\"image\":{\"@id\":\"https:\/\/europematch.eu\/#\/schema\/logo\/image\/\"},\"sameAs\":[\"https:\/\/www.facebook.com\/europematch.eu\",\"https:\/\/www.instagram.com\/europematch.eu\"]}]}<\/script>\n<!-- \/ Yoast SEO Premium plugin. -->","yoast_head_json":{"title":"Hossz\u00fa gyufa - BX12 - Europematch","robots":{"index":"index","follow":"follow","max-snippet":"max-snippet:-1","max-image-preview":"max-image-preview:large","max-video-preview":"max-video-preview:-1"},"canonical":"https:\/\/europematch.eu\/de\/hosszu-gyufa-bx12\/","og_locale":"de_DE","og_type":"article","og_title":"Hossz\u00fa gyufa - BX12","og_description":"Hossz\u00fa gyufa BX12 Term\u00e9kinform\u00e1ci\u00f3k tervez\u00e9si seg\u00e9dlet Gyuf\u00e1ink egyedi tervez\u00e9s\u00e9hez haszn\u00e1lhat\u00f3 sablonok \u00e9s seg\u00e9dletek.\u00a0 sablon let\u00f6lt\u00e9se GAL\u00c9RIA K\u00e9rjen \u00e1raj\u00e1nlatot Az \u0171rlap [&hellip;]","og_url":"https:\/\/europematch.eu\/de\/hosszu-gyufa-bx12\/","og_site_name":"Europematch","article_publisher":"https:\/\/www.facebook.com\/europematch.eu","article_modified_time":"2024-09-03T12:01:51+00:00","og_image":[{"url":"https:\/\/europematch.eu\/wp-content\/uploads\/2024\/07\/BX12.webp","type":"","width":"","height":""}],"twitter_card":"summary_large_image","twitter_misc":{"Gesch\u00e4tzte Lesezeit":"1\u00a0Minute"},"schema":{"@context":"https:\/\/schema.org","@graph":[{"@type":"WebPage","@id":"https:\/\/europematch.eu\/hosszu-gyufa-bx12\/","url":"https:\/\/europematch.eu\/hosszu-gyufa-bx12\/","name":"Hossz\u00fa gyufa - BX12 - Europematch","isPartOf":{"@id":"https:\/\/europematch.eu\/#website"},"primaryImageOfPage":{"@id":"https:\/\/europematch.eu\/hosszu-gyufa-bx12\/#primaryimage"},"image":{"@id":"https:\/\/europematch.eu\/hosszu-gyufa-bx12\/#primaryimage"},"thumbnailUrl":"https:\/\/europematch.eu\/wp-content\/uploads\/2024\/07\/BX12.webp","datePublished":"2024-08-24T11:47:56+00:00","dateModified":"2024-09-03T12:01:51+00:00","breadcrumb":{"@id":"https:\/\/europematch.eu\/hosszu-gyufa-bx12\/#breadcrumb"},"inLanguage":"de","potentialAction":[{"@type":"ReadAction","target":["https:\/\/europematch.eu\/hosszu-gyufa-bx12\/"]}]},{"@type":"ImageObject","inLanguage":"de","@id":"https:\/\/europematch.eu\/hosszu-gyufa-bx12\/#primaryimage","url":"https:\/\/europematch.eu\/wp-content\/uploads\/2024\/07\/BX12.webp","contentUrl":"https:\/\/europematch.eu\/wp-content\/uploads\/2024\/07\/BX12.webp"},{"@type":"BreadcrumbList","@id":"https:\/\/europematch.eu\/hosszu-gyufa-bx12\/#breadcrumb","itemListElement":[{"@type":"ListItem","position":1,"name":"Kezd\u0151lap","item":"https:\/\/europematch.eu\/"},{"@type":"ListItem","position":2,"name":"Hossz\u00fa gyufa &#8211; BX12"}]},{"@type":"WebSite","@id":"https:\/\/europematch.eu\/#website","url":"https:\/\/europematch.eu\/","name":"Europematch","description":"Gyufagy\u00e1r Szeged","publisher":{"@id":"https:\/\/europematch.eu\/#organization"},"potentialAction":[{"@type":"SearchAction","target":{"@type":"EntryPoint","urlTemplate":"https:\/\/europematch.eu\/?s={search_term_string}"},"query-input":{"@type":"PropertyValueSpecification","valueRequired":true,"valueName":"search_term_string"}}],"inLanguage":"de"},{"@type":"Organization","@id":"https:\/\/europematch.eu\/#organization","name":"Europematch GmbH","url":"https:\/\/europematch.eu\/","logo":{"@type":"ImageObject","inLanguage":"de","@id":"https:\/\/europematch.eu\/#\/schema\/logo\/image\/","url":"https:\/\/europematch.eu\/wp-content\/uploads\/2024\/07\/europematch-logo-2024-v1.svg","contentUrl":"https:\/\/europematch.eu\/wp-content\/uploads\/2024\/07\/europematch-logo-2024-v1.svg","width":371,"height":147,"caption":"Europematch GmbH"},"image":{"@id":"https:\/\/europematch.eu\/#\/schema\/logo\/image\/"},"sameAs":["https:\/\/www.facebook.com\/europematch.eu","https:\/\/www.instagram.com\/europematch.eu"]}]}},"_links":{"self":[{"href":"https:\/\/europematch.eu\/de\/wp-json\/wp\/v2\/pages\/1155","targetHints":{"allow":["GET"]}}],"collection":[{"href":"https:\/\/europematch.eu\/de\/wp-json\/wp\/v2\/pages"}],"about":[{"href":"https:\/\/europematch.eu\/de\/wp-json\/wp\/v2\/types\/page"}],"author":[{"embeddable":true,"href":"https:\/\/europematch.eu\/de\/wp-json\/wp\/v2\/users\/1"}],"replies":[{"embeddable":true,"href":"https:\/\/europematch.eu\/de\/wp-json\/wp\/v2\/comments?post=1155"}],"version-history":[{"count":4,"href":"https:\/\/europematch.eu\/de\/wp-json\/wp\/v2\/pages\/1155\/revisions"}],"predecessor-version":[{"id":1765,"href":"https:\/\/europematch.eu\/de\/wp-json\/wp\/v2\/pages\/1155\/revisions\/1765"}],"wp:attachment":[{"href":"https:\/\/europematch.eu\/de\/wp-json\/wp\/v2\/media?parent=1155"}],"curies":[{"name":"wp","href":"https:\/\/api.w.org\/{rel}","templated":true}]}}