{"id":214,"date":"2024-07-24T19:50:58","date_gmt":"2024-07-24T17:50:58","guid":{"rendered":"https:\/\/europematch.eu\/?page_id=214"},"modified":"2024-07-24T19:50:58","modified_gmt":"2024-07-24T17:50:58","slug":"altalanos-szerzodesi-feltetelek","status":"publish","type":"page","link":"https:\/\/europematch.eu\/cs\/altalanos-szerzodesi-feltetelek\/","title":{"rendered":"Obchodn\u00ed podm\u00ednky"},"content":{"rendered":"","protected":false},"excerpt":{"rendered":"","protected":false},"author":1,"featured_media":0,"parent":0,"menu_order":0,"comment_status":"closed","ping_status":"closed","template":"","meta":{"_acf_changed":false,"site-sidebar-layout":"no-sidebar","site-content-layout":"","ast-site-content-layout":"full-width-container","site-content-style":"default","site-sidebar-style":"default","ast-global-header-display":"","ast-banner-title-visibility":"","ast-main-header-display":"","ast-hfb-above-header-display":"","ast-hfb-below-header-display":"","ast-hfb-mobile-header-display":"","site-post-title":"disabled","ast-breadcrumbs-content":"","ast-featured-img":"disabled","footer-sml-layout":"","theme-transparent-header-meta":"default","adv-header-id-meta":"","stick-header-meta":"","header-above-stick-meta":"","header-main-stick-meta":"","header-below-stick-meta":"","astra-migrate-meta-layouts":"set","ast-page-background-enabled":"default","ast-page-background-meta":{"desktop":{"background-color":"var(--ast-global-color-4)","background-image":"","background-repeat":"repeat","background-position":"center center","background-size":"auto","background-attachment":"scroll","background-type":"","background-media":"","overlay-type":"","overlay-color":"","overlay-opacity":"","overlay-gradient":""},"tablet":{"background-color":"","background-image":"","background-repeat":"repeat","background-position":"center center","background-size":"auto","background-attachment":"scroll","background-type":"","background-media":"","overlay-type":"","overlay-color":"","overlay-opacity":"","overlay-gradient":""},"mobile":{"background-color":"","background-image":"","background-repeat":"repeat","background-position":"center center","background-size":"auto","background-attachment":"scroll","background-type":"","background-media":"","overlay-type":"","overlay-color":"","overlay-opacity":"","overlay-gradient":""}},"ast-content-background-meta":{"desktop":{"background-color":"var(--ast-global-color-5)","background-image":"","background-repeat":"repeat","background-position":"center center","background-size":"auto","background-attachment":"scroll","background-type":"","background-media":"","overlay-type":"","overlay-color":"","overlay-opacity":"","overlay-gradient":""},"tablet":{"background-color":"var(--ast-global-color-5)","background-image":"","background-repeat":"repeat","background-position":"center center","background-size":"auto","background-attachment":"scroll","background-type":"","background-media":"","overlay-type":"","overlay-color":"","overlay-opacity":"","overlay-gradient":""},"mobile":{"background-color":"var(--ast-global-color-5)","background-image":"","background-repeat":"repeat","background-position":"center center","background-size":"auto","background-attachment":"scroll","background-type":"","background-media":"","overlay-type":"","overlay-color":"","overlay-opacity":"","overlay-gradient":""}},"footnotes":""},"class_list":["post-214","page","type-page","status-publish","hentry"],"acf":[],"yoast_head":"<!-- This site is optimized with the Yoast SEO Premium plugin v23.4 (Yoast SEO v26.5) - https:\/\/yoast.com\/wordpress\/plugins\/seo\/ -->\n<title>\u00c1ltal\u00e1nos szerz\u0151d\u00e9si felt\u00e9telek - Europematch<\/title>\n<meta name=\"robots\" content=\"index, follow, max-snippet:-1, max-image-preview:large, max-video-preview:-1\" \/>\n<link rel=\"canonical\" href=\"https:\/\/europematch.eu\/cs\/altalanos-szerzodesi-feltetelek\/\" \/>\n<meta property=\"og:locale\" content=\"cs_CZ\" \/>\n<meta property=\"og:type\" content=\"article\" \/>\n<meta property=\"og:title\" content=\"\u00c1ltal\u00e1nos szerz\u0151d\u00e9si felt\u00e9telek\" \/>\n<meta property=\"og:url\" content=\"https:\/\/europematch.eu\/cs\/altalanos-szerzodesi-feltetelek\/\" \/>\n<meta property=\"og:site_name\" content=\"Europematch\" \/>\n<meta property=\"article:publisher\" content=\"https:\/\/www.facebook.com\/europematch.eu\" \/>\n<meta property=\"og:image\" content=\"https:\/\/europematch.eu\/wp-content\/uploads\/2024\/09\/europematch-fcebook-image-001.jpg\" \/>\n\t<meta property=\"og:image:width\" content=\"1200\" \/>\n\t<meta property=\"og:image:height\" content=\"628\" \/>\n\t<meta property=\"og:image:type\" content=\"image\/jpeg\" \/>\n<meta name=\"twitter:card\" content=\"summary_large_image\" \/>\n<script type=\"application\/ld+json\" class=\"yoast-schema-graph\">{\"@context\":\"https:\/\/schema.org\",\"@graph\":[{\"@type\":\"WebPage\",\"@id\":\"https:\/\/europematch.eu\/altalanos-szerzodesi-feltetelek\/\",\"url\":\"https:\/\/europematch.eu\/altalanos-szerzodesi-feltetelek\/\",\"name\":\"\u00c1ltal\u00e1nos szerz\u0151d\u00e9si felt\u00e9telek - Europematch\",\"isPartOf\":{\"@id\":\"https:\/\/europematch.eu\/#website\"},\"datePublished\":\"2024-07-24T17:50:58+00:00\",\"breadcrumb\":{\"@id\":\"https:\/\/europematch.eu\/altalanos-szerzodesi-feltetelek\/#breadcrumb\"},\"inLanguage\":\"cs\",\"potentialAction\":[{\"@type\":\"ReadAction\",\"target\":[\"https:\/\/europematch.eu\/altalanos-szerzodesi-feltetelek\/\"]}]},{\"@type\":\"BreadcrumbList\",\"@id\":\"https:\/\/europematch.eu\/altalanos-szerzodesi-feltetelek\/#breadcrumb\",\"itemListElement\":[{\"@type\":\"ListItem\",\"position\":1,\"name\":\"Kezd\u0151lap\",\"item\":\"https:\/\/europematch.eu\/\"},{\"@type\":\"ListItem\",\"position\":2,\"name\":\"\u00c1ltal\u00e1nos szerz\u0151d\u00e9si felt\u00e9telek\"}]},{\"@type\":\"WebSite\",\"@id\":\"https:\/\/europematch.eu\/#website\",\"url\":\"https:\/\/europematch.eu\/\",\"name\":\"Europematch\",\"description\":\"Gyufagy\u00e1r Szeged\",\"publisher\":{\"@id\":\"https:\/\/europematch.eu\/#organization\"},\"potentialAction\":[{\"@type\":\"SearchAction\",\"target\":{\"@type\":\"EntryPoint\",\"urlTemplate\":\"https:\/\/europematch.eu\/?s={search_term_string}\"},\"query-input\":{\"@type\":\"PropertyValueSpecification\",\"valueRequired\":true,\"valueName\":\"search_term_string\"}}],\"inLanguage\":\"cs\"},{\"@type\":\"Organization\",\"@id\":\"https:\/\/europematch.eu\/#organization\",\"name\":\"Europematch GmbH\",\"url\":\"https:\/\/europematch.eu\/\",\"logo\":{\"@type\":\"ImageObject\",\"inLanguage\":\"cs\",\"@id\":\"https:\/\/europematch.eu\/#\/schema\/logo\/image\/\",\"url\":\"https:\/\/europematch.eu\/wp-content\/uploads\/2024\/07\/europematch-logo-2024-v1.svg\",\"contentUrl\":\"https:\/\/europematch.eu\/wp-content\/uploads\/2024\/07\/europematch-logo-2024-v1.svg\",\"width\":371,\"height\":147,\"caption\":\"Europematch GmbH\"},\"image\":{\"@id\":\"https:\/\/europematch.eu\/#\/schema\/logo\/image\/\"},\"sameAs\":[\"https:\/\/www.facebook.com\/europematch.eu\",\"https:\/\/www.instagram.com\/europematch.eu\"]}]}<\/script>\n<!-- \/ Yoast SEO Premium plugin. -->","yoast_head_json":{"title":"\u00c1ltal\u00e1nos szerz\u0151d\u00e9si felt\u00e9telek - Europematch","robots":{"index":"index","follow":"follow","max-snippet":"max-snippet:-1","max-image-preview":"max-image-preview:large","max-video-preview":"max-video-preview:-1"},"canonical":"https:\/\/europematch.eu\/cs\/altalanos-szerzodesi-feltetelek\/","og_locale":"cs_CZ","og_type":"article","og_title":"\u00c1ltal\u00e1nos szerz\u0151d\u00e9si felt\u00e9telek","og_url":"https:\/\/europematch.eu\/cs\/altalanos-szerzodesi-feltetelek\/","og_site_name":"Europematch","article_publisher":"https:\/\/www.facebook.com\/europematch.eu","og_image":[{"width":1200,"height":628,"url":"https:\/\/europematch.eu\/wp-content\/uploads\/2024\/09\/europematch-fcebook-image-001.jpg","type":"image\/jpeg"}],"twitter_card":"summary_large_image","schema":{"@context":"https:\/\/schema.org","@graph":[{"@type":"WebPage","@id":"https:\/\/europematch.eu\/altalanos-szerzodesi-feltetelek\/","url":"https:\/\/europematch.eu\/altalanos-szerzodesi-feltetelek\/","name":"\u00c1ltal\u00e1nos szerz\u0151d\u00e9si felt\u00e9telek - Europematch","isPartOf":{"@id":"https:\/\/europematch.eu\/#website"},"datePublished":"2024-07-24T17:50:58+00:00","breadcrumb":{"@id":"https:\/\/europematch.eu\/altalanos-szerzodesi-feltetelek\/#breadcrumb"},"inLanguage":"cs","potentialAction":[{"@type":"ReadAction","target":["https:\/\/europematch.eu\/altalanos-szerzodesi-feltetelek\/"]}]},{"@type":"BreadcrumbList","@id":"https:\/\/europematch.eu\/altalanos-szerzodesi-feltetelek\/#breadcrumb","itemListElement":[{"@type":"ListItem","position":1,"name":"Kezd\u0151lap","item":"https:\/\/europematch.eu\/"},{"@type":"ListItem","position":2,"name":"\u00c1ltal\u00e1nos szerz\u0151d\u00e9si felt\u00e9telek"}]},{"@type":"WebSite","@id":"https:\/\/europematch.eu\/#website","url":"https:\/\/europematch.eu\/","name":"Europematch","description":"Gyufagy\u00e1r Szeged","publisher":{"@id":"https:\/\/europematch.eu\/#organization"},"potentialAction":[{"@type":"SearchAction","target":{"@type":"EntryPoint","urlTemplate":"https:\/\/europematch.eu\/?s={search_term_string}"},"query-input":{"@type":"PropertyValueSpecification","valueRequired":true,"valueName":"search_term_string"}}],"inLanguage":"cs"},{"@type":"Organization","@id":"https:\/\/europematch.eu\/#organization","name":"Europematch GmbH","url":"https:\/\/europematch.eu\/","logo":{"@type":"ImageObject","inLanguage":"cs","@id":"https:\/\/europematch.eu\/#\/schema\/logo\/image\/","url":"https:\/\/europematch.eu\/wp-content\/uploads\/2024\/07\/europematch-logo-2024-v1.svg","contentUrl":"https:\/\/europematch.eu\/wp-content\/uploads\/2024\/07\/europematch-logo-2024-v1.svg","width":371,"height":147,"caption":"Europematch GmbH"},"image":{"@id":"https:\/\/europematch.eu\/#\/schema\/logo\/image\/"},"sameAs":["https:\/\/www.facebook.com\/europematch.eu","https:\/\/www.instagram.com\/europematch.eu"]}]}},"_links":{"self":[{"href":"https:\/\/europematch.eu\/cs\/wp-json\/wp\/v2\/pages\/214","targetHints":{"allow":["GET"]}}],"collection":[{"href":"https:\/\/europematch.eu\/cs\/wp-json\/wp\/v2\/pages"}],"about":[{"href":"https:\/\/europematch.eu\/cs\/wp-json\/wp\/v2\/types\/page"}],"author":[{"embeddable":true,"href":"https:\/\/europematch.eu\/cs\/wp-json\/wp\/v2\/users\/1"}],"replies":[{"embeddable":true,"href":"https:\/\/europematch.eu\/cs\/wp-json\/wp\/v2\/comments?post=214"}],"version-history":[{"count":1,"href":"https:\/\/europematch.eu\/cs\/wp-json\/wp\/v2\/pages\/214\/revisions"}],"predecessor-version":[{"id":224,"href":"https:\/\/europematch.eu\/cs\/wp-json\/wp\/v2\/pages\/214\/revisions\/224"}],"wp:attachment":[{"href":"https:\/\/europematch.eu\/cs\/wp-json\/wp\/v2\/media?parent=214"}],"curies":[{"name":"wp","href":"https:\/\/api.w.org\/{rel}","templated":true}]}}